{"id":9937,"date":"2023-10-03T12:03:47","date_gmt":"2023-10-03T10:03:47","guid":{"rendered":"https:\/\/chaosfertile.fr\/?page_id=9937"},"modified":"2026-02-24T08:11:37","modified_gmt":"2026-02-24T07:11:37","slug":"reseau","status":"publish","type":"page","link":"http:\/\/chaosfertile.fr\/en\/reseau\/","title":{"rendered":"RESEAU"},"content":{"rendered":"<p>[et_pb_section fb_built=\u00a0\u00bb1&Prime; admin_label=\u00a0\u00bbChaos Fertile\u00a0\u00bb module_id=\u00a0\u00bbchaosfertile\u00a0\u00bb _builder_version=\u00a0\u00bb4.25.2&Prime; _module_preset=\u00a0\u00bbff6117b3-f882-470a-bef4-7a79566738ff\u00a0\u00bb background_color=\u00a0\u00bb#88c4dd\u00a0\u00bb background_color_gradient_type=\u00a0\u00bbelliptical\u00a0\u00bb background_color_gradient_direction_radial=\u00a0\u00bbtop\u00a0\u00bb background_color_gradient_stops=\u00a0\u00bbrgba(13,31,51,0.72) 36%|rgba(91,95,151,0.01) 72%\u00a0\u00bb background_image=\u00a0\u00bbhttps:\/\/chaosfertile.fr\/wp-content\/uploads\/2022\/07\/nik0597jpg_100_credit_mreiss_1.jpg\u00a0\u00bb da_popup_slug=\u00a0\u00bbchaosfertile\u00a0\u00bb da_disable_devices=\u00a0\u00bboff|off|off\u00a0\u00bb locked=\u00a0\u00bboff\u00a0\u00bb collapsed=\u00a0\u00bboff\u00a0\u00bb global_colors_info=\u00a0\u00bb{}\u00a0\u00bb da_is_popup=\u00a0\u00bboff\u00a0\u00bb da_exit_intent=\u00a0\u00bboff\u00a0\u00bb da_has_close=\u00a0\u00bbon\u00a0\u00bb da_alt_close=\u00a0\u00bboff\u00a0\u00bb da_dark_close=\u00a0\u00bboff\u00a0\u00bb da_not_modal=\u00a0\u00bbon\u00a0\u00bb da_is_singular=\u00a0\u00bboff\u00a0\u00bb da_with_loader=\u00a0\u00bboff\u00a0\u00bb da_has_shadow=\u00a0\u00bbon\u00a0\u00bb][et_pb_row _builder_version=\u00a0\u00bb4.24.2&Prime; height=\u00a0\u00bb100%\u00a0\u00bb custom_margin=\u00a0\u00bb0px||0px||true|false\u00a0\u00bb custom_padding=\u00a0\u00bb0px||0px||true|false\u00a0\u00bb animation_style=\u00a0\u00bbfade\u00a0\u00bb custom_css_free_form=\u00a0\u00bb.selector {|| align-items: center;||}\u00a0\u00bb locked=\u00a0\u00bboff\u00a0\u00bb global_colors_info=\u00a0\u00bb{}\u00a0\u00bb][et_pb_column type=\u00a0\u00bb4_4&Prime; _builder_version=\u00a0\u00bb4.24.0&Prime; global_colors_info=\u00a0\u00bb{}\u00a0\u00bb][et_pb_text admin_label=\u00a0\u00bbTexte\u00a0\u00bb _builder_version=\u00a0\u00bb4.25.2&Prime; text_text_color=\u00a0\u00bb#FFFFFF\u00a0\u00bb text_line_height=\u00a0\u00bb1em\u00a0\u00bb text_orientation=\u00a0\u00bbcenter\u00a0\u00bb custom_padding=\u00a0\u00bb2%||1%||false|false\u00a0\u00bb scroll_vertical_motion=\u00a0\u00bb0|65|65|100|2|0|-1&Prime; scroll_scaling=\u00a0\u00bb0|90|90|100|100%|100|50%\u00a0\u00bb scroll_blur=\u00a0\u00bb0|90|90|100|0px|0px|10px\u00a0\u00bb motion_trigger_start=\u00a0\u00bbbottom\u00a0\u00bb global_colors_info=\u00a0\u00bb{}\u00a0\u00bb]<\/p>\n<h1>CHAOS FERTILE<\/h1>\n<h2>LE JEU DE L&rsquo;INTELLIGENCE COLLECTIVE<\/h2>\n<p>[\/et_pb_text][et_pb_text admin_label=\u00a0\u00bbTexte\u00a0\u00bb _builder_version=\u00a0\u00bb4.24.2&Prime; text_text_color=\u00a0\u00bb#FFFFFF\u00a0\u00bb text_line_height=\u00a0\u00bb1em\u00a0\u00bb text_orientation=\u00a0\u00bbcenter\u00a0\u00bb custom_padding=\u00a0\u00bb||||false|false\u00a0\u00bb scroll_vertical_motion=\u00a0\u00bb0|65|65|100|2|0|-1&Prime; scroll_scaling=\u00a0\u00bb0|90|90|100|100%|100|50%\u00a0\u00bb scroll_blur=\u00a0\u00bb0|90|90|100|0px|0px|10px\u00a0\u00bb motion_trigger_start=\u00a0\u00bbbottom\u00a0\u00bb global_colors_info=\u00a0\u00bb{}\u00a0\u00bb]<\/p>\n<p>R\u00eave. Cr\u00e9ation. Action.<\/p>\n<p>[\/et_pb_text][\/et_pb_column][\/et_pb_row][\/et_pb_section][et_pb_section fb_built=\u00a0\u00bb1&Prime; admin_label=\u00a0\u00bbConnexion\u00a0\u00bb module_id=\u00a0\u00bbreseau\u00a0\u00bb _builder_version=\u00a0\u00bb4.25.2&Prime; use_background_color_gradient=\u00a0\u00bbon\u00a0\u00bb background_color_gradient_stops=\u00a0\u00bbrgba(91,95,151,0.77) 0%|rgba(91,95,151,0.44) 99%\u00a0\u00bb background_color_gradient_overlays_image=\u00a0\u00bbon\u00a0\u00bb background_color_gradient_start=\u00a0\u00bbrgba(91,95,151,0.88)\u00a0\u00bb background_color_gradient_end=\u00a0\u00bbrgba(91,95,151,0.88)\u00a0\u00bb background_image=\u00a0\u00bbhttps:\/\/chaosfertile.fr\/wp-content\/uploads\/2022\/07\/nik0606jpg_100_credit_mreiss_1.jpg\u00a0\u00bb min_height=\u00a0\u00bb376.9px\u00a0\u00bb custom_padding=\u00a0\u00bb0px||50px||false|false\u00a0\u00bb da_popup_slug=\u00a0\u00bbreseau\u00a0\u00bb da_disable_devices=\u00a0\u00bboff|off|off\u00a0\u00bb collapsed=\u00a0\u00bboff\u00a0\u00bb global_colors_info=\u00a0\u00bb{}\u00a0\u00bb da_is_popup=\u00a0\u00bboff\u00a0\u00bb da_exit_intent=\u00a0\u00bboff\u00a0\u00bb da_has_close=\u00a0\u00bbon\u00a0\u00bb da_alt_close=\u00a0\u00bboff\u00a0\u00bb da_dark_close=\u00a0\u00bboff\u00a0\u00bb da_not_modal=\u00a0\u00bbon\u00a0\u00bb da_is_singular=\u00a0\u00bboff\u00a0\u00bb da_with_loader=\u00a0\u00bboff\u00a0\u00bb da_has_shadow=\u00a0\u00bbon\u00a0\u00bb][et_pb_row _builder_version=\u00a0\u00bb4.23&Prime; _module_preset=\u00a0\u00bbdefault\u00a0\u00bb width=\u00a0\u00bb100%\u00a0\u00bb max_width=\u00a0\u00bb66%\u00a0\u00bb module_alignment=\u00a0\u00bbcenter\u00a0\u00bb custom_margin=\u00a0\u00bb0px||0px||true|false\u00a0\u00bb custom_padding=\u00a0\u00bb0px||0px||true|false\u00a0\u00bb locked=\u00a0\u00bboff\u00a0\u00bb global_colors_info=\u00a0\u00bb{}\u00a0\u00bb][et_pb_column type=\u00a0\u00bb4_4&Prime; _builder_version=\u00a0\u00bb4.23&Prime; _module_preset=\u00a0\u00bbdefault\u00a0\u00bb global_colors_info=\u00a0\u00bb{}\u00a0\u00bb][et_pb_menu menu_id=\u00a0\u00bb78&Prime; logo_url_new_window=\u00a0\u00bbon\u00a0\u00bb module_id=\u00a0\u00bbsubmenu\u00a0\u00bb _builder_version=\u00a0\u00bb4.25.2&Prime; _module_preset=\u00a0\u00bb9f175184-ddf5-4b8d-8d06-4ce056cd3b4e\u00a0\u00bb link_option_url_new_window=\u00a0\u00bbon\u00a0\u00bb global_colors_info=\u00a0\u00bb{}\u00a0\u00bb][\/et_pb_menu][\/et_pb_column][\/et_pb_row][et_pb_row _builder_version=\u00a0\u00bb4.25.2&Prime; _module_preset=\u00a0\u00bbdefault\u00a0\u00bb custom_css_free_form=\u00a0\u00bb.selector {|| align-items: center;||}\u00a0\u00bb locked=\u00a0\u00bboff\u00a0\u00bb global_colors_info=\u00a0\u00bb{}\u00a0\u00bb][et_pb_column type=\u00a0\u00bb4_4&Prime; _builder_version=\u00a0\u00bb4.16&Prime; global_colors_info=\u00a0\u00bb{}\u00a0\u00bb][et_pb_text _builder_version=\u00a0\u00bb4.24.0&Prime; _module_preset=\u00a0\u00bbf2571b89-5bf7-455b-9453-d5a26ff9db62&Prime; text_font=\u00a0\u00bb|600|||||||\u00a0\u00bb text_text_color=\u00a0\u00bb#000000&Prime; scroll_vertical_motion=\u00a0\u00bb0|65|65|100|2|0|-1&Prime; scroll_scaling=\u00a0\u00bb0|90|90|100|100%|100|50%\u00a0\u00bb scroll_blur=\u00a0\u00bb0|90|90|100|0px|0px|10px\u00a0\u00bb motion_trigger_start=\u00a0\u00bbbottom\u00a0\u00bb locked=\u00a0\u00bboff\u00a0\u00bb global_colors_info=\u00a0\u00bb{}\u00a0\u00bb]<\/p>\n<h1>R\u00e9seau<\/h1>\n<h3>Facilitation Chaos Fertile &#8211; FCF \u00a9<\/h3>\n<p>[\/et_pb_text][\/et_pb_column][\/et_pb_row][et_pb_row _builder_version=\u00a0\u00bb4.25.2&Prime; _module_preset=\u00a0\u00bbdefault\u00a0\u00bb custom_margin=\u00a0\u00bb0px||10px||false|false\u00a0\u00bb custom_padding=\u00a0\u00bb0px||10px||false|false\u00a0\u00bb custom_css_free_form=\u00a0\u00bb.selector {|| align-items: center;||}\u00a0\u00bb locked=\u00a0\u00bboff\u00a0\u00bb global_colors_info=\u00a0\u00bb{}\u00a0\u00bb][et_pb_column type=\u00a0\u00bb4_4&Prime; _builder_version=\u00a0\u00bb4.16&Prime; global_colors_info=\u00a0\u00bb{}\u00a0\u00bb][et_pb_text _builder_version=\u00a0\u00bb4.25.2&Prime; _module_preset=\u00a0\u00bbdefault\u00a0\u00bb text_text_color=\u00a0\u00bb#939393&Prime; custom_padding=\u00a0\u00bb0px|5%|0px|5%|true|true\u00a0\u00bb locked=\u00a0\u00bboff\u00a0\u00bb global_colors_info=\u00a0\u00bb{}\u00a0\u00bb]<\/p>\n<p style=\"text-align: center;\">Des facilitateurs et des facilitatrices certifi\u00e9-e-s FCF \u00a9 sont \u00e0 votre service :<br \/>en France, en Belgique&#8230; et sur l&rsquo;\u00eele de la R\u00e9union.<\/p>\n<p>[\/et_pb_text][et_pb_text _builder_version=\u00a0\u00bb4.25.2&Prime; _module_preset=\u00a0\u00bbdefault\u00a0\u00bb text_text_color=\u00a0\u00bb#939393&Prime; custom_padding=\u00a0\u00bb7px|5%|7px|5%|true|true\u00a0\u00bb locked=\u00a0\u00bboff\u00a0\u00bb global_colors_info=\u00a0\u00bb{}\u00a0\u00bb]<\/p>\n<p style=\"text-align: center;\">Si vous souhaitez rejoindre le r\u00e9seau des certifi\u00e9es, inscrivez vous \u00e0 notre formation FCF \u00a9 .<\/p>\n<p>[\/et_pb_text][\/et_pb_column][\/et_pb_row][et_pb_row _builder_version=\u00a0\u00bb4.25.2&Prime; _module_preset=\u00a0\u00bbdefault\u00a0\u00bb display_conditions=\u00a0\u00bbW10=\u00a0\u00bb global_colors_info=\u00a0\u00bb{}\u00a0\u00bb][et_pb_column type=\u00a0\u00bb4_4&Prime; _builder_version=\u00a0\u00bb4.23.4&Prime; _module_preset=\u00a0\u00bbdefault\u00a0\u00bb global_colors_info=\u00a0\u00bb{}\u00a0\u00bb][et_pb_code _builder_version=\u00a0\u00bb4.25.2&Prime; _module_preset=\u00a0\u00bbdefault\u00a0\u00bb custom_css_free_form=\u00a0\u00bb.selector .gm-style-iw-chr {||  height: 12px;||}||.pmagic .pg-map-wrap .pg-map-user-avatar img {||    margin: 0px !important;||    border: 0px !important;||    width: 60px;||    height: 60px;||}\u00a0\u00bb global_colors_info=\u00a0\u00bb{}\u00a0\u00bb]\n<div class=\"pmagic pg-geo-map-wrap\" style=\"width:100%; display:block;\">\n    <div id=\"pg_map\" style=\"min-height:350px; width:100%; display:block;\"><\/div>\n<\/div>\n[\/et_pb_code][et_pb_code _builder_version=\u00a0\u00bb4.25.2&Prime; _module_preset=\u00a0\u00bbdefault\u00a0\u00bb custom_css_free_form=\u00a0\u00bb.selector .pmagic .pm-users-search-page .pm-user-name{||  width:150px;||}\u00a0\u00bb global_colors_info=\u00a0\u00bb{}\u00a0\u00bb]<div class=\"pmagic\">\n    <div class=\"pm-users-search-page pm-dbfl\">\n        <div class=\"pm-user-search pm-dbfl\">\n            <form name=\"pm-search-form\" id=\"pm-advance-search-form\" method=\"post\" class=\"pm-dbfl\">\n                <input type=\"hidden\" name=\"pm_search_nonce\" value=\"1e8e5f8e07\" \/>                                <div class=\"pm-search-box-wrap pm-dbfl\">\n                    <div class=\"pm-search-box pm-dbfl pm-pad10\">\n                                                    <input type=\"hidden\" name=\"page_id\" value=\"9937\" \/>\n                                                <input id=\"pagenum\" type=\"hidden\" name=\"pagenum\" value=\"1\" \/>\n\n                        <input type=\"hidden\" name=\"status\" value=\"0\" \/>  \n                        <input type=\"hidden\" name=\"action\" value=\"pm_advance_user_search\" \/>\n\n                        <input type=\"text\"\n                               class=\"pm-search-input pm-advances-search-text pm-border pm-difl\"\n                               name=\"pm_search\"\n                               onkeyup=\"pm_advance_user_search('')\"\n                               value=\"\">\n                           \n                        <div class=\"pg-users-sorting-ls pg-members-sortby pm-difl\">\n                            <div class=\"pg-sortby-alpha pm-difl\">\n                                <span class=\"pg-users-sorting-title pm-difl\">\n                                    Sort by                                <\/span>\n                                <span class=\"pg-sort-dropdown pm-border pm-difl\">\n                                    <select class=\"pg-custom-select\" name=\"member_sort_by\" id=\"member_sort_by\" onchange=\"pm_advance_user_search('')\">\n                                        <option value=\"oldest_first\"      selected='selected'>Oldest<\/option>\n                                        <option value=\"latest_first\"     >Newest<\/option>\n                                        <option value=\"first_name_asc\"   >First Name Alphabetically A - Z<\/option>\n                                        <option value=\"first_name_desc\"  >First Name Alphabetically Z - A<\/option>\n                                        <option value=\"last_name_asc\"    >Last Name Alphabetically A - Z<\/option>\n                                        <option value=\"last_name_desc\"   >Last Name Alphabetically Z- A<\/option>\n                                    <\/select>\n                                <\/span>\n                            <\/div>\n                        <\/div>     \n                                            <\/div>\n                <\/div>\n\n                <div class=\"pm-adv-search-button\">\n                                            <a href=\"#\" id=\"reset_btn\" class=\"pm-search-reset pm-difl\">\n                            Reset                        <\/a>\n                    \n                                            <div id=\"advance_search_option\"\n                             class=\"pm-search-submit pm-difl\"\n                             title=\"More Filters\">\n                            More Filters                            <svg xmlns=\"http:\/\/www.w3.org\/2000\/svg\" class=\"pg-search-filter-up\" height=\"24\" width=\"24\">\n                                <path d=\"M12 15.375 6 9.375 7.4 7.975 12 12.575 16.6 7.975 18 9.375Z\"\/>\n                            <\/svg>\n                            <svg xmlns=\"http:\/\/www.w3.org\/2000\/svg\" class=\"pg-search-filter-down\" style=\"display:none\" height=\"24\" width=\"24\">\n                                <path d=\"M7.4 15.375 6 13.975 12 7.975 18 13.975 16.6 15.375 12 10.775Z\"\/>\n                            <\/svg>\n                        <\/div>\n                                    <\/div>\n\n                                \n                <div class=\"pm-dbfl pm-border-bt\" id=\"advance_search_pane\">\n                    <div class=\"pm-search-box pm-border\">\n                        <select name=\"gid\" class=\"pm-search-input\" id=\"advance_search_group\" onchange=\"pm_change_search_field(this.value)\">\n                            <option value=\"\">Select A Group<\/option>\n                                                            <option value=\"1\" >\n                                    R\u00e9seau FCF\u00a9                                <\/option>\n                                                    <\/select>\n                    <\/div>\n\n                                        \n                    <ul class=\"pm-filters\" id=\"advance_seach_ul\">\n                        <li class=\"pm-filter-item\"><input type=\"checkbox\" name=\"match_fields\" onclick=\"pm_advance_user_search()\" value=\"first_name\"><span class=\"pm-filter-value\">Pr\u00e9nom<\/span><\/li><li class=\"pm-filter-item\"><input type=\"checkbox\" name=\"match_fields\" onclick=\"pm_advance_user_search()\" value=\"last_name\"><span class=\"pm-filter-value\">Nom<\/span><\/li><li class=\"pm-filter-item\"><input type=\"checkbox\" name=\"match_fields\" onclick=\"pm_advance_user_search()\" value=\"description\"><span class=\"pm-filter-value\">Biographie<\/span><\/li><li class=\"pm-filter-item\"><input type=\"checkbox\" name=\"match_fields\" onclick=\"pm_advance_user_search()\" value=\"pm_field_12\"><span class=\"pm-filter-value\">Adresse<\/span><\/li><li class=\"pm-filter-item\"><input type=\"checkbox\" name=\"match_fields\" onclick=\"pm_advance_user_search()\" value=\"pm_field_14\"><span class=\"pm-filter-value\">Titre<\/span><\/li>                    <\/ul>\n                <\/div>\n                     \n                <div id=\"pm_result_pane\"><\/div>\n            <\/form>\n        <\/div>\n\n    <\/div>\n<\/div>\n[\/et_pb_code][\/et_pb_column][\/et_pb_row][\/et_pb_section][et_pb_section fb_built=\u00a0\u00bb1&Prime; admin_label=\u00a0\u00bbActualit\u00e9s linkedin\u00a0\u00bb module_id=\u00a0\u00bbconnexion\u00a0\u00bb _builder_version=\u00a0\u00bb4.25.2&Prime; use_background_color_gradient=\u00a0\u00bbon\u00a0\u00bb background_color_gradient_type=\u00a0\u00bbelliptical\u00a0\u00bb background_color_gradient_stops=\u00a0\u00bbrgba(60,96,96,0.27) 1%|rgba(150,255,230,0.35) 100%\u00a0\u00bb min_height=\u00a0\u00bb376.9px\u00a0\u00bb custom_padding=\u00a0\u00bb||||true|false\u00a0\u00bb da_popup_slug=\u00a0\u00bbconnexion\u00a0\u00bb da_disable_devices=\u00a0\u00bboff|off|off\u00a0\u00bb box_shadow_style=\u00a0\u00bbpreset6&Prime; box_shadow_vertical=\u00a0\u00bb5px\u00a0\u00bb box_shadow_blur=\u00a0\u00bb10px\u00a0\u00bb box_shadow_spread=\u00a0\u00bb3px\u00a0\u00bb collapsed=\u00a0\u00bboff\u00a0\u00bb global_colors_info=\u00a0\u00bb{}\u00a0\u00bb da_is_popup=\u00a0\u00bboff\u00a0\u00bb da_exit_intent=\u00a0\u00bboff\u00a0\u00bb da_has_close=\u00a0\u00bbon\u00a0\u00bb da_alt_close=\u00a0\u00bboff\u00a0\u00bb da_dark_close=\u00a0\u00bboff\u00a0\u00bb da_not_modal=\u00a0\u00bbon\u00a0\u00bb da_is_singular=\u00a0\u00bboff\u00a0\u00bb da_with_loader=\u00a0\u00bboff\u00a0\u00bb da_has_shadow=\u00a0\u00bbon\u00a0\u00bb][et_pb_row _builder_version=\u00a0\u00bb4.23.4&Prime; _module_preset=\u00a0\u00bbdefault\u00a0\u00bb custom_css_free_form=\u00a0\u00bb.selector {|| align-items: center;||}\u00a0\u00bb locked=\u00a0\u00bboff\u00a0\u00bb global_colors_info=\u00a0\u00bb{}\u00a0\u00bb][et_pb_column type=\u00a0\u00bb4_4&Prime; _builder_version=\u00a0\u00bb4.16&Prime; global_colors_info=\u00a0\u00bb{}\u00a0\u00bb][et_pb_text _builder_version=\u00a0\u00bb4.24.0&Prime; _module_preset=\u00a0\u00bbf2571b89-5bf7-455b-9453-d5a26ff9db62&Prime; text_font=\u00a0\u00bb|600|||||||\u00a0\u00bb text_text_color=\u00a0\u00bb#000000&Prime; scroll_vertical_motion=\u00a0\u00bb0|65|65|100|2|0|-1&Prime; scroll_scaling=\u00a0\u00bb0|90|90|100|100%|100|50%\u00a0\u00bb scroll_blur=\u00a0\u00bb0|90|90|100|0px|0px|10px\u00a0\u00bb motion_trigger_start=\u00a0\u00bbbottom\u00a0\u00bb locked=\u00a0\u00bboff\u00a0\u00bb global_colors_info=\u00a0\u00bb{}\u00a0\u00bb]<\/p>\n<h1>CONNEXION<\/h1>\n<h3>Espaces Membres<\/h3>\n<p>[\/et_pb_text][\/et_pb_column][\/et_pb_row][et_pb_row _builder_version=\u00a0\u00bb4.25.2&Prime; _module_preset=\u00a0\u00bbdefault\u00a0\u00bb display_conditions=\u00a0\u00bbW10=\u00a0\u00bb global_colors_info=\u00a0\u00bb{}\u00a0\u00bb][et_pb_column type=\u00a0\u00bb4_4&Prime; _builder_version=\u00a0\u00bb4.23.4&Prime; _module_preset=\u00a0\u00bbdefault\u00a0\u00bb global_colors_info=\u00a0\u00bb{}\u00a0\u00bb][\/et_pb_column][\/et_pb_row][et_pb_row _builder_version=\u00a0\u00bb4.25.1&Prime; _module_preset=\u00a0\u00bbdefault\u00a0\u00bb background_color=\u00a0\u00bb#FFFFFF\u00a0\u00bb use_background_color_gradient=\u00a0\u00bbon\u00a0\u00bb background_color_gradient_type=\u00a0\u00bbelliptical\u00a0\u00bb background_color_gradient_stops=\u00a0\u00bbrgba(163,204,224,0.74) 0%|rgba(55,130,168,0.79) 99%\u00a0\u00bb display_conditions=\u00a0\u00bbW3siaWQiOiIyOWRhZTA3Yy1mMzRmLTQwNzEtOTMzYy1iYzUzY2MzNThhMTYiLCJjb25kaXRpb24iOiJsb2dnZWRJblN0YXR1cyIsImNvbmRpdGlvblNldHRpbmdzIjp7ImRpc3BsYXlSdWxlIjoibG9nZ2VkT3V0IiwiYWRtaW5MYWJlbCI6IlN0YXR1dCBkZSBjb25uZXhpb24iLCJlbmFibGVDb25kaXRpb24iOiJvbiJ9LCJvcGVyYXRvciI6Ik9SIn1d\u00a0\u00bb border_radii=\u00a0\u00bbon|30px|30px|30px|30px\u00a0\u00bb box_shadow_style=\u00a0\u00bbpreset2&Prime; global_colors_info=\u00a0\u00bb{}\u00a0\u00bb][et_pb_column type=\u00a0\u00bb4_4&Prime; _builder_version=\u00a0\u00bb4.23.1&Prime; _module_preset=\u00a0\u00bbdefault\u00a0\u00bb global_colors_info=\u00a0\u00bb{}\u00a0\u00bb][et_pb_text _builder_version=\u00a0\u00bb4.25.2&Prime; _module_preset=\u00a0\u00bbdefault\u00a0\u00bb text_text_color=\u00a0\u00bb#3d3d3d\u00a0\u00bb text_font_size=\u00a0\u00bb14px\u00a0\u00bb text_orientation=\u00a0\u00bbcenter\u00a0\u00bb global_colors_info=\u00a0\u00bb{}\u00a0\u00bb]<\/p>\n<p>Connexion r\u00e9serv\u00e9e aux facilitateurs et facilitatrices certifi\u00e9-e-s FCF \u00a9.<\/p>\n<p>[\/et_pb_text][et_pb_code _builder_version=\u00a0\u00bb4.25.1&Prime; _module_preset=\u00a0\u00bbdefault\u00a0\u00bb background_enable_color=\u00a0\u00bboff\u00a0\u00bb custom_padding=\u00a0\u00bb0px|0px|0px|0px|true|true\u00a0\u00bb custom_css_free_form=\u00a0\u00bb.selector h3 {||  font-size: 22px;||  color: orange||}\u00a0\u00bb global_colors_info=\u00a0\u00bb{}\u00a0\u00bb]<div class=\"pmagic\">  \n <div class=\"pm-login-box pm-dbfl pg-theme-bg pm-border pm-radius5\"> \n \t\t\n \n<!-----Form Starts----->\n  <form class=\"pmagic-form 1 pm-dbfl pm-bg-lt\" method=\"post\" action=\"\" id=\"pm_login_form\" name=\"pm_login_form\">\n  <input type=\"hidden\" name=\"_wpnonce\" value=\"6873bbcb78\" \/>            <input type=\"text\" name=\"user_login\" id=\"user_login\" placeholder=\"Email or Username\" required=\"required\">\n            <input type=\"password\" name=\"user_pass\" id=\"user_pass\" placeholder=\"Password\" required=\"required\">\n            <span id=\"pg-toggle-password\" class=\"pg-toggle-password fa fa-fw fa-eye-slash\"><\/span>\n            <div class=\"pg-login-remember\">\n                <label>\n                    <input name=\"rememberme\" type=\"checkbox\" id=\"pg-rememberme\" value=\"1\" \/>\n                    Remember Me                <\/label>\n            <\/div>\n                        <div class=\"pm-login-box-bottom-container pm-dbfl pm-bg pm-border\">\n                <input type=\"submit\" value=\"Login\" name=\"login_form_submit\" class=\"pm-difl\">\n                                <div class=\"pm-login-links-box pm-difr pm-pad10\">\n                <a href=\"http:\/\/chaosfertile.fr\/en\/mot-de-passe-oublie\/\">Forgot Password?<\/a>\n                <\/div>\n            <\/div>\n            \n  <\/form>\n     <\/div>\n<\/div>\n[\/et_pb_code][\/et_pb_column][\/et_pb_row][et_pb_row column_structure=\u00a0\u00bb1_4,1_2,1_4&Prime; _builder_version=\u00a0\u00bb4.25.2&Prime; _module_preset=\u00a0\u00bbdefault\u00a0\u00bb display_conditions=\u00a0\u00bbW3siaWQiOiJkMTFmZTU4ZC0zZGEyLTQ1MTMtYmM5MC1mYzI3NTg5YTY0MDUiLCJjb25kaXRpb24iOiJsb2dnZWRJblN0YXR1cyIsImNvbmRpdGlvblNldHRpbmdzIjp7ImRpc3BsYXlSdWxlIjoibG9nZ2VkSW4iLCJhZG1pbkxhYmVsIjoiU3RhdHV0IGRlIGNvbm5leGlvbiIsImVuYWJsZUNvbmRpdGlvbiI6Im9uIn0sIm9wZXJhdG9yIjoiT1IifV0=\u00a0\u00bb custom_css_free_form=\u00a0\u00bb.selector {|| align-items: center;||}\u00a0\u00bb locked=\u00a0\u00bboff\u00a0\u00bb global_colors_info=\u00a0\u00bb{}\u00a0\u00bb][et_pb_column type=\u00a0\u00bb1_4&Prime; _builder_version=\u00a0\u00bb4.22.2&Prime; _module_preset=\u00a0\u00bbdefault\u00a0\u00bb global_colors_info=\u00a0\u00bb{}\u00a0\u00bb][\/et_pb_column][et_pb_column type=\u00a0\u00bb1_2&Prime; _builder_version=\u00a0\u00bb4.22.2&Prime; _module_preset=\u00a0\u00bbdefault\u00a0\u00bb global_colors_info=\u00a0\u00bb{}\u00a0\u00bb][ba_animated_text prefix=\u00a0\u00bbVous \u00eates bien connect\u00e9-e \u00a0\u00bb animated_text=\u00a0\u00bb%91{%22value%22:%22 &#8230;%22,%22checked%22:0,%22dragID%22:-1}%93&Prime; _builder_version=\u00a0\u00bb4.25.2&Prime; _module_preset=\u00a0\u00bbdefault\u00a0\u00bb custom_padding=\u00a0\u00bb|||25%|false|false\u00a0\u00bb global_colors_info=\u00a0\u00bb{}\u00a0\u00bb][\/ba_animated_text][\/et_pb_column][et_pb_column type=\u00a0\u00bb1_4&Prime; _builder_version=\u00a0\u00bb4.22.2&Prime; _module_preset=\u00a0\u00bbdefault\u00a0\u00bb global_colors_info=\u00a0\u00bb{}\u00a0\u00bb][\/et_pb_column][\/et_pb_row][et_pb_row column_structure=\u00a0\u00bb1_4,1_2,1_4&Prime; _builder_version=\u00a0\u00bb4.25.2&Prime; _module_preset=\u00a0\u00bbdefault\u00a0\u00bb display_conditions=\u00a0\u00bbW3siaWQiOiJkMTFmZTU4ZC0zZGEyLTQ1MTMtYmM5MC1mYzI3NTg5YTY0MDUiLCJjb25kaXRpb24iOiJsb2dnZWRJblN0YXR1cyIsImNvbmRpdGlvblNldHRpbmdzIjp7ImRpc3BsYXlSdWxlIjoibG9nZ2VkSW4iLCJhZG1pbkxhYmVsIjoiU3RhdHV0IGRlIGNvbm5leGlvbiIsImVuYWJsZUNvbmRpdGlvbiI6Im9uIn0sIm9wZXJhdG9yIjoiT1IifV0=\u00a0\u00bb custom_css_free_form=\u00a0\u00bb.selector {|| align-items: center;||}\u00a0\u00bb locked=\u00a0\u00bboff\u00a0\u00bb global_colors_info=\u00a0\u00bb{}\u00a0\u00bb][et_pb_column type=\u00a0\u00bb1_4&Prime; _builder_version=\u00a0\u00bb4.22.2&Prime; _module_preset=\u00a0\u00bbdefault\u00a0\u00bb global_colors_info=\u00a0\u00bb{}\u00a0\u00bb][\/et_pb_column][et_pb_column type=\u00a0\u00bb1_2&Prime; _builder_version=\u00a0\u00bb4.22.2&Prime; _module_preset=\u00a0\u00bbdefault\u00a0\u00bb global_colors_info=\u00a0\u00bb{}\u00a0\u00bb][et_pb_button button_url=\u00a0\u00bb@ET-DC@eyJkeW5hbWljIjp0cnVlLCJjb250ZW50IjoicG9zdF9saW5rX3VybF9wYWdlIiwic2V0dGluZ3MiOnsicG9zdF9pZCI6IjMxOTI5In19@\u00a0\u00bb button_text=\u00a0\u00bbFormulaire de R\u00e9colte de fin de partie\u00a0\u00bb _builder_version=\u00a0\u00bb4.25.2&Prime; _dynamic_attributes=\u00a0\u00bbbutton_url\u00a0\u00bb _module_preset=\u00a0\u00bba6d92c50-f8bc-4f6c-83d8-b21d5c1662ea\u00a0\u00bb custom_padding=\u00a0\u00bb10px|5%|10px|5%|true|true\u00a0\u00bb global_colors_info=\u00a0\u00bb{}\u00a0\u00bb][\/et_pb_button][\/et_pb_column][et_pb_column type=\u00a0\u00bb1_4&Prime; _builder_version=\u00a0\u00bb4.22.2&Prime; _module_preset=\u00a0\u00bbdefault\u00a0\u00bb global_colors_info=\u00a0\u00bb{}\u00a0\u00bb][\/et_pb_column][\/et_pb_row][\/et_pb_section]<\/p>\n","protected":false},"excerpt":{"rendered":"<p>CHAOS FERTILE LE JEU DE L&rsquo;INTELLIGENCE COLLECTIVER\u00eave. Cr\u00e9ation. Action.R\u00e9seau Facilitation Chaos Fertile &#8211; FCF \u00a9Des facilitateurs et des facilitatrices certifi\u00e9-e-s FCF \u00a9 sont \u00e0 votre service :en France, en Belgique&#8230; [&hellip;]<\/p>\n","protected":false},"author":2,"featured_media":19250,"parent":0,"menu_order":4,"comment_status":"closed","ping_status":"closed","template":"page-template-fullwidth.php","meta":{"_et_pb_use_builder":"on","_et_pb_old_content":"","_et_gb_content_width":"","footnotes":""},"class_list":["post-9937","page","type-page","status-publish","has-post-thumbnail","hentry"],"aioseo_notices":[],"jetpack_sharing_enabled":true,"_links":{"self":[{"href":"http:\/\/chaosfertile.fr\/en\/wp-json\/wp\/v2\/pages\/9937","targetHints":{"allow":["GET"]}}],"collection":[{"href":"http:\/\/chaosfertile.fr\/en\/wp-json\/wp\/v2\/pages"}],"about":[{"href":"http:\/\/chaosfertile.fr\/en\/wp-json\/wp\/v2\/types\/page"}],"author":[{"embeddable":true,"href":"http:\/\/chaosfertile.fr\/en\/wp-json\/wp\/v2\/users\/2"}],"replies":[{"embeddable":true,"href":"http:\/\/chaosfertile.fr\/en\/wp-json\/wp\/v2\/comments?post=9937"}],"version-history":[{"count":1,"href":"http:\/\/chaosfertile.fr\/en\/wp-json\/wp\/v2\/pages\/9937\/revisions"}],"predecessor-version":[{"id":36324,"href":"http:\/\/chaosfertile.fr\/en\/wp-json\/wp\/v2\/pages\/9937\/revisions\/36324"}],"wp:featuredmedia":[{"embeddable":true,"href":"http:\/\/chaosfertile.fr\/en\/wp-json\/wp\/v2\/media\/19250"}],"wp:attachment":[{"href":"http:\/\/chaosfertile.fr\/en\/wp-json\/wp\/v2\/media?parent=9937"}],"curies":[{"name":"wp","href":"https:\/\/api.w.org\/{rel}","templated":true}]}}