{"id":16332,"date":"2024-01-09T17:25:09","date_gmt":"2024-01-09T16:25:09","guid":{"rendered":"https:\/\/chaosfertile.fr\/inscription\/"},"modified":"2025-12-19T14:15:13","modified_gmt":"2025-12-19T13:15:13","slug":"inscription","status":"publish","type":"page","link":"https:\/\/chaosfertile.fr\/en\/inscription\/","title":{"rendered":"Inscription"},"content":{"rendered":"<p>[et_pb_section fb_built=\u00a0\u00bb1&Prime; theme_builder_area=\u00a0\u00bbpost_content\u00a0\u00bb _builder_version=\u00a0\u00bb4.27.4&Prime; _module_preset=\u00a0\u00bbdefault\u00a0\u00bb admin_label=\u00a0\u00bbSection\u00a0\u00bb da_is_popup=\u00a0\u00bboff\u00a0\u00bb da_exit_intent=\u00a0\u00bboff\u00a0\u00bb da_has_close=\u00a0\u00bbon\u00a0\u00bb da_alt_close=\u00a0\u00bboff\u00a0\u00bb da_dark_close=\u00a0\u00bboff\u00a0\u00bb da_not_modal=\u00a0\u00bbon\u00a0\u00bb da_is_singular=\u00a0\u00bboff\u00a0\u00bb da_with_loader=\u00a0\u00bboff\u00a0\u00bb da_has_shadow=\u00a0\u00bbon\u00a0\u00bb da_disable_devices=\u00a0\u00bboff|off|off\u00a0\u00bb max_height=\u00a0\u00bb100%\u00a0\u00bb hover_enabled=\u00a0\u00bb0&Prime; sticky_enabled=\u00a0\u00bb0&Prime;][et_pb_row _builder_version=\u00a0\u00bb4.23.1&Prime; _module_preset=\u00a0\u00bbdefault\u00a0\u00bb global_colors_info=\u00a0\u00bb{}\u00a0\u00bb theme_builder_area=\u00a0\u00bbpost_content\u00a0\u00bb][et_pb_column type=\u00a0\u00bb4_4&Prime; _builder_version=\u00a0\u00bb4.23.1&Prime; _module_preset=\u00a0\u00bbdefault\u00a0\u00bb global_colors_info=\u00a0\u00bb{}\u00a0\u00bb theme_builder_area=\u00a0\u00bbpost_content\u00a0\u00bb][wpforms_selector form_id=\u00a0\u00bb5132&Prime; show_title=\u00a0\u00bbon\u00a0\u00bb show_desc=\u00a0\u00bbon\u00a0\u00bb _builder_version=\u00a0\u00bb4.23.4&Prime; _module_preset=\u00a0\u00bbdefault\u00a0\u00bb global_colors_info=\u00a0\u00bb{}\u00a0\u00bb theme_builder_area=\u00a0\u00bbpost_content\u00a0\u00bb][\/wpforms_selector][\/et_pb_column][\/et_pb_row][\/et_pb_section]<\/p>\n","protected":false},"excerpt":{"rendered":"<div class=\"et_pb_module wpforms_selector wpforms_selector_0\">\n\t\t\t\t\n\t\t\t\t\n\t\t\t\t\n\t\t\t\t\n\t\t\t\t\n\t\t\t\t\n\t\t\t\t<div class=\"et_pb_module_inner\">\n\t\t\t\t\t<style id=\"wpforms-css-vars-5132\">\n\t\t\t\t#wpforms-5132 {\n\t\t\t\t--wpforms-field-size-input-height: 43px;\n--wpforms-field-size-input-spacing: 15px;\n--wpforms-field-size-font-size: 16px;\n--wpforms-field-size-line-height: 19px;\n--wpforms-field-size-padding-h: 14px;\n--wpforms-field-size-checkbox-size: 16px;\n--wpforms-field-size-sublabel-spacing: 5px;\n--wpforms-field-size-icon-size: 1;\n--wpforms-label-size-font-size: 16px;\n--wpforms-label-size-line-height: 19px;\n--wpforms-label-size-sublabel-font-size: 14px;\n--wpforms-label-size-sublabel-line-height: 17px;\n--wpforms-button-size-font-size: 17px;\n--wpforms-button-size-height: 41px;\n--wpforms-button-size-padding-h: 15px;\n--wpforms-button-size-margin-top: 10px;\n--wpforms-container-shadow-size-box-shadow: none;\n\t\t\t}\n\t\t\t<\/style><div class=\"wpforms-container wpforms-container-full wpforms-render-modern\" id=\"wpforms-5132\"><form id=\"wpforms-form-5132\" class=\"wpforms-validate wpforms-form wpforms-ajax-form\" data-formid=\"5132\" method=\"post\" enctype=\"multipart\/form-data\" action=\"\/en\/wp-json\/wp\/v2\/pages\/16332\" data-token=\"4d4517cd89350a3cec10d702ad69173e\" data-token-time=\"1777718471\"><div class=\"wpforms-head-container\"><div class=\"wpforms-title\">Inscription Formation &quot;Facilitation Chaos Fertile\u00a9&quot;<\/div><div class=\"wpforms-description\">Questionnaire pr\u00e9alable \u00e0 l'inscription pour la formation professionnelle :\u2028 \"Facilitation Chaos Fertile\u00a9\"<\/div><\/div><noscript class=\"wpforms-error-noscript\">Please enable JavaScript in your browser to complete this form.<\/noscript><div id=\"wpforms-error-noscript\" style=\"display: none;\">Please enable JavaScript in your browser to complete this form.<\/div><div class=\"wpforms-field-container\"><div id=\"wpforms-5132-field_9-container\" class=\"wpforms-field wpforms-field-name\" data-field-id=\"9\"><fieldset><legend class=\"wpforms-field-label\">Pr\u00e9nom, Nom <span class=\"wpforms-required-label\" aria-hidden=\"true\">*<\/span><\/legend><div class=\"wpforms-field-row wpforms-field-medium\"><div class=\"wpforms-field-row-block wpforms-first wpforms-one-half\"><input type=\"text\" id=\"wpforms-5132-field_9\" class=\"wpforms-field-name-first wpforms-field-required\" name=\"wpforms[fields][9][first]\" aria-errormessage=\"wpforms-5132-field_9-error\" required><label for=\"wpforms-5132-field_9\" class=\"wpforms-field-sublabel after\">First<\/label><\/div><div class=\"wpforms-field-row-block wpforms-one-half\"><input type=\"text\" id=\"wpforms-5132-field_9-last\" class=\"wpforms-field-name-last wpforms-field-required\" name=\"wpforms[fields][9][last]\" aria-errormessage=\"wpforms-5132-field_9-last-error\" required><label for=\"wpforms-5132-field_9-last\" class=\"wpforms-field-sublabel after\">Last<\/label><\/div><\/div><\/fieldset><\/div><div id=\"wpforms-5132-field_10-container\" class=\"wpforms-field wpforms-field-email\" data-field-id=\"10\"><label class=\"wpforms-field-label\" for=\"wpforms-5132-field_10\">Email <span class=\"wpforms-required-label\" aria-hidden=\"true\">*<\/span><\/label><input type=\"email\" id=\"wpforms-5132-field_10\" class=\"wpforms-field-medium wpforms-field-required\" name=\"wpforms[fields][10]\" spellcheck=\"false\" aria-errormessage=\"wpforms-5132-field_10-error\" required><\/div><div id=\"wpforms-5132-field_34-container\" class=\"wpforms-field wpforms-field-select wpforms-field-select-style-classic\" data-field-id=\"34\"><label class=\"wpforms-field-label\" for=\"wpforms-5132-field_34\">A quelle formation souhaitez-vous participer ? <span class=\"wpforms-required-label\" aria-hidden=\"true\">*<\/span><\/label><select id=\"wpforms-5132-field_34\" class=\"wpforms-field-medium wpforms-field-required\" name=\"wpforms[fields][34]\" required=\"required\"><option value=\"PARIS - 29 &amp; 30 AVRIL 2026\"  class=\"choice-5 depth-1\"  >PARIS - 29 &amp; 30 AVRIL 2026<\/option><option value=\"Formation intra \u00e0 mon organisation\"  class=\"choice-3 depth-1\"  >Formation intra \u00e0 mon organisation<\/option><\/select><\/div><div id=\"wpforms-5132-field_32-container\" class=\"wpforms-field wpforms-field-text\" data-field-id=\"32\"><label class=\"wpforms-field-label\" for=\"wpforms-5132-field_32\">T\u00e9l\u00e9phone <span class=\"wpforms-required-label\" aria-hidden=\"true\">*<\/span><\/label><input type=\"text\" id=\"wpforms-5132-field_32\" class=\"wpforms-field-small wpforms-field-required\" name=\"wpforms[fields][32]\" aria-errormessage=\"wpforms-5132-field_32-error\" required><\/div><div id=\"wpforms-5132-field_11-container\" class=\"wpforms-field wpforms-field-text\" data-field-id=\"11\"><label class=\"wpforms-field-label\" for=\"wpforms-5132-field_11\">Entreprise \/ Association \/ Organisme<\/label><input type=\"text\" id=\"wpforms-5132-field_11\" class=\"wpforms-field-medium\" name=\"wpforms[fields][11]\" aria-errormessage=\"wpforms-5132-field_11-error\" aria-describedby=\"wpforms-5132-field_11-description\" ><div id=\"wpforms-5132-field_11-description\" class=\"wpforms-field-description\">* Dans le cas d'une prise en charge par l'employeur, merci de remplir les coordonn\u00e9es (Nom de l'organisation, Siret, et Adresse) de celui-ci.<\/div><\/div><div id=\"wpforms-5132-field_12-container\" class=\"wpforms-field wpforms-field-text\" data-field-id=\"12\"><label class=\"wpforms-field-label\" for=\"wpforms-5132-field_12\">SIRET<\/label><input type=\"text\" id=\"wpforms-5132-field_12\" class=\"wpforms-field-medium\" name=\"wpforms[fields][12]\" aria-errormessage=\"wpforms-5132-field_12-error\" ><\/div><div id=\"wpforms-5132-field_29-container\" class=\"wpforms-field wpforms-field-text\" data-field-id=\"29\"><label class=\"wpforms-field-label\" for=\"wpforms-5132-field_29\">Adresse <span class=\"wpforms-required-label\" aria-hidden=\"true\">*<\/span><\/label><input type=\"text\" id=\"wpforms-5132-field_29\" class=\"wpforms-field-medium wpforms-field-required\" name=\"wpforms[fields][29]\" aria-errormessage=\"wpforms-5132-field_29-error\" required><\/div><div id=\"wpforms-5132-field_30-container\" class=\"wpforms-field wpforms-field-text\" data-field-id=\"30\"><label class=\"wpforms-field-label\" for=\"wpforms-5132-field_30\">Code postal <span class=\"wpforms-required-label\" aria-hidden=\"true\">*<\/span><\/label><input type=\"text\" id=\"wpforms-5132-field_30\" class=\"wpforms-field-small wpforms-field-required\" name=\"wpforms[fields][30]\" aria-errormessage=\"wpforms-5132-field_30-error\" required><\/div><div id=\"wpforms-5132-field_31-container\" class=\"wpforms-field wpforms-field-text\" data-field-id=\"31\"><label class=\"wpforms-field-label\" for=\"wpforms-5132-field_31\">Ville <span class=\"wpforms-required-label\" aria-hidden=\"true\">*<\/span><\/label><input type=\"text\" id=\"wpforms-5132-field_31\" class=\"wpforms-field-small wpforms-field-required\" name=\"wpforms[fields][31]\" aria-errormessage=\"wpforms-5132-field_31-error\" required><\/div><div id=\"wpforms-5132-field_40-container\" class=\"wpforms-field wpforms-field-checkbox wpforms-list-inline\" data-field-id=\"40\"><fieldset><legend class=\"wpforms-field-label\">Cochez la case si vous souhaitez un devis :<\/legend><ul id=\"wpforms-5132-field_40\"><li class=\"choice-1 depth-1\"><input type=\"checkbox\" id=\"wpforms-5132-field_40_1\" name=\"wpforms[fields][40][]\" value=\"Oui, je souhaite recevoir un devis\" aria-errormessage=\"wpforms-5132-field_40_1-error\"  ><label class=\"wpforms-field-label-inline\" for=\"wpforms-5132-field_40_1\">Oui, je souhaite recevoir un devis<\/label><\/li><\/ul><\/fieldset><\/div><div id=\"wpforms-5132-field_5-container\" class=\"wpforms-field wpforms-field-textarea\" data-field-id=\"5\"><label class=\"wpforms-field-label\" for=\"wpforms-5132-field_5\">Quelle est votre profession actuelle\u00a0? <span class=\"wpforms-required-label\" aria-hidden=\"true\">*<\/span><\/label><textarea id=\"wpforms-5132-field_5\" class=\"wpforms-field-medium wpforms-field-required\" name=\"wpforms[fields][5]\" aria-errormessage=\"wpforms-5132-field_5-error\" required><\/textarea><\/div><div id=\"wpforms-5132-field_13-container\" class=\"wpforms-field wpforms-field-textarea\" data-field-id=\"13\"><label class=\"wpforms-field-label\" for=\"wpforms-5132-field_13\">Pouvez-vous d\u00e9crire bri\u00e8vement votre parcours professionnel\u00a0? <span class=\"wpforms-required-label\" aria-hidden=\"true\">*<\/span><\/label><textarea id=\"wpforms-5132-field_13\" class=\"wpforms-field-medium wpforms-field-required\" name=\"wpforms[fields][13]\" aria-errormessage=\"wpforms-5132-field_13-error\" required><\/textarea><\/div><div id=\"wpforms-5132-field_14-container\" class=\"wpforms-field wpforms-field-textarea\" data-field-id=\"14\"><label class=\"wpforms-field-label\" for=\"wpforms-5132-field_14\">Quelle est votre exp\u00e9rience du coaching ou de l\u2019accompagnement professionnel\u00a0?   <span class=\"wpforms-required-label\" aria-hidden=\"true\">*<\/span><\/label><textarea id=\"wpforms-5132-field_14\" class=\"wpforms-field-medium wpforms-field-required\" name=\"wpforms[fields][14]\" aria-errormessage=\"wpforms-5132-field_14-error\" required><\/textarea><\/div><div id=\"wpforms-5132-field_17-container\" class=\"wpforms-field wpforms-field-number-slider\" data-field-id=\"17\"><label class=\"wpforms-field-label\" for=\"wpforms-5132-field_17\">D\u2019apr\u00e8s vous, quel est votre niveau d\u2019expertise concernant\u00a0LA FACILITATION DE L&#039;INTELLIGENCE COLLECTIVE ?<\/label>\n<input\n\ttype=\"range\"\n\tid=\"wpforms-5132-field_17\" class=\"wpforms-field-medium\" name=\"wpforms[fields][17]\" value=\"0\" aria-errormessage=\"wpforms-5132-field_17-error\" aria-describedby=\"wpforms-5132-field_17-description\"\t\tmin=\"0\"\n\tmax=\"10\"\n\tstep=\"1\">\n\n<div class=\"wpforms-field-number-slider-hint\"\n\tdata-hint=\"Valeur s\u00e9lectionn\u00e9e: {value}\">\n\tValeur s\u00e9lectionn\u00e9e: <b>0<\/b><\/div>\n<div id=\"wpforms-5132-field_17-description\" class=\"wpforms-field-description\">(D\u00e9placez le curseur : 0 \u00e9tant l\u2019absence de pratique \u2014 10 l\u2019\u00e9tat de pratique le plus \u00e9lev\u00e9)<\/div><\/div><div id=\"wpforms-5132-field_21-container\" class=\"wpforms-field wpforms-field-number-slider\" data-field-id=\"21\"><label class=\"wpforms-field-label\" for=\"wpforms-5132-field_21\">D\u2019apr\u00e8s vous, quel est votre niveau d\u2019expertise concernant\u00a0LA GESTION DE PROJET ?<\/label>\n<input\n\ttype=\"range\"\n\tid=\"wpforms-5132-field_21\" class=\"wpforms-field-medium\" name=\"wpforms[fields][21]\" value=\"0\" aria-errormessage=\"wpforms-5132-field_21-error\" aria-describedby=\"wpforms-5132-field_21-description\"\t\tmin=\"0\"\n\tmax=\"10\"\n\tstep=\"1\">\n\n<div class=\"wpforms-field-number-slider-hint\"\n\tdata-hint=\"Valeur s\u00e9lectionn\u00e9e: {value}\">\n\tValeur s\u00e9lectionn\u00e9e: <b>0<\/b><\/div>\n<div id=\"wpforms-5132-field_21-description\" class=\"wpforms-field-description\">(D\u00e9placez le curseur : 0 \u00e9tant l\u2019absence de pratique \u2014 10 l\u2019\u00e9tat de pratique le plus \u00e9lev\u00e9)<\/div><\/div><div id=\"wpforms-5132-field_24-container\" class=\"wpforms-field wpforms-field-select wpforms-field-select-style-classic\" data-field-id=\"24\"><label class=\"wpforms-field-label\" for=\"wpforms-5132-field_24\">\u00cates-vous \u00e0 l&#039;initiative de votre inscription ? <span class=\"wpforms-required-label\" aria-hidden=\"true\">*<\/span><\/label><select id=\"wpforms-5132-field_24\" class=\"wpforms-field-medium wpforms-field-required\" name=\"wpforms[fields][24]\" required=\"required\"><option value=\"OUI\"  class=\"choice-1 depth-1\"  >OUI<\/option><option value=\"NON\"  class=\"choice-2 depth-1\"  >NON<\/option><\/select><\/div><div id=\"wpforms-5132-field_25-container\" class=\"wpforms-field wpforms-field-textarea\" data-field-id=\"25\"><label class=\"wpforms-field-label\" for=\"wpforms-5132-field_25\">Si Non, merci de pr\u00e9ciser :<\/label><textarea id=\"wpforms-5132-field_25\" class=\"wpforms-field-small\" name=\"wpforms[fields][25]\" aria-errormessage=\"wpforms-5132-field_25-error\" ><\/textarea><\/div><div id=\"wpforms-5132-field_26-container\" class=\"wpforms-field wpforms-field-textarea\" data-field-id=\"26\"><label class=\"wpforms-field-label\" for=\"wpforms-5132-field_26\">Quels sont vos attentes et objectifs professionnels en suivant cette formation\u00a0? <span class=\"wpforms-required-label\" aria-hidden=\"true\">*<\/span><\/label><textarea id=\"wpforms-5132-field_26\" class=\"wpforms-field-large wpforms-field-required\" name=\"wpforms[fields][26]\" aria-errormessage=\"wpforms-5132-field_26-error\" required><\/textarea><\/div><div id=\"wpforms-5132-field_27-container\" class=\"wpforms-field wpforms-field-textarea\" data-field-id=\"27\"><label class=\"wpforms-field-label\" for=\"wpforms-5132-field_27\">Si possible, pouvez-vous donner un exemple de probl\u00e9matique, en lien avec la facilitation, l&#039;intelligence collective, et le d\u00e9veloppement de projet, sur laquelle vous travaillez actuellement\u00a0?\u00a0 <span class=\"wpforms-required-label\" aria-hidden=\"true\">*<\/span><\/label><textarea id=\"wpforms-5132-field_27\" class=\"wpforms-field-large wpforms-field-required\" name=\"wpforms[fields][27]\" aria-errormessage=\"wpforms-5132-field_27-error\" required><\/textarea><\/div><div id=\"wpforms-5132-field_35-container\" class=\"wpforms-field wpforms-field-radio\" data-field-id=\"35\"><fieldset><legend class=\"wpforms-field-label\">Souhaitez-vous acqu\u00e9rir un exemplaire du jeu \u00e0 prix coutant (45 \u20ac) ? <span class=\"wpforms-required-label\" aria-hidden=\"true\">*<\/span><\/legend><ul id=\"wpforms-5132-field_35\" class=\"wpforms-field-required\"><li class=\"choice-1 depth-1\"><input type=\"radio\" id=\"wpforms-5132-field_35_1\" name=\"wpforms[fields][35]\" value=\"Oui\" aria-errormessage=\"wpforms-5132-field_35_1-error\" required ><label class=\"wpforms-field-label-inline\" for=\"wpforms-5132-field_35_1\">Oui<\/label><\/li><li class=\"choice-2 depth-1\"><input type=\"radio\" id=\"wpforms-5132-field_35_2\" name=\"wpforms[fields][35]\" value=\"Non\" aria-errormessage=\"wpforms-5132-field_35_2-error\" required ><label class=\"wpforms-field-label-inline\" for=\"wpforms-5132-field_35_2\">Non<\/label><\/li><\/ul><\/fieldset><\/div><div id=\"wpforms-5132-field_37-container\" class=\"wpforms-field wpforms-field-textarea\" data-field-id=\"37\"><label class=\"wpforms-field-label\" for=\"wpforms-5132-field_37\">Comment avez-vous entendu parler de Chaos Fertile ?<\/label><textarea id=\"wpforms-5132-field_37\" class=\"wpforms-field-small\" name=\"wpforms[fields][37]\" aria-errormessage=\"wpforms-5132-field_37-error\" ><\/textarea><\/div><div id=\"wpforms-5132-field_28-container\" class=\"wpforms-field wpforms-field-textarea\" data-field-id=\"28\"><label class=\"wpforms-field-label\" for=\"wpforms-5132-field_28\">Y a t-il autre chose que vous souhaiteriez communiquer aux formateurs ?<\/label><textarea id=\"wpforms-5132-field_28\" class=\"wpforms-field-medium\" name=\"wpforms[fields][28]\" aria-errormessage=\"wpforms-5132-field_28-error\" ><\/textarea><\/div><div id=\"wpforms-5132-field_36-container\" class=\"wpforms-field wpforms-field-gdpr-checkbox\" data-field-id=\"36\"><label class=\"wpforms-field-label\">Accord RGPD <span class=\"wpforms-required-label\" aria-hidden=\"true\">*<\/span><\/label><ul id=\"wpforms-5132-field_36\" class=\"wpforms-field-required\"><li class=\"choice-1\"><input type=\"checkbox\" id=\"wpforms-5132-field_36_1\" name=\"wpforms[fields][36][]\" value=\"Je consens \u00e0 ce que ce site stocke mes informations envoy\u00e9es afin qu\u2019ils puissent r\u00e9pondre \u00e0 ma requ\u00eate.\" aria-errormessage=\"wpforms-5132-field_36_1-error\" required ><label class=\"wpforms-field-label-inline\" for=\"wpforms-5132-field_36_1\">Je consens \u00e0 ce que ce site stocke mes informations envoy\u00e9es afin qu\u2019ils puissent r\u00e9pondre \u00e0 ma requ\u00eate.<\/label><\/li><\/ul><\/div><\/div><!-- .wpforms-field-container --><div class=\"wpforms-recaptcha-container wpforms-is-recaptcha wpforms-is-recaptcha-type-v2\" ><div class=\"g-recaptcha\" data-sitekey=\"6LdgvkwaAAAAABsmiCHITqijR22-1gQI4lQYpvFz\"><\/div><input type=\"text\" name=\"g-recaptcha-hidden\" class=\"wpforms-recaptcha-hidden\" style=\"position:absolute!important;clip:rect(0,0,0,0)!important;height:1px!important;width:1px!important;border:0!important;overflow:hidden!important;padding:0!important;margin:0!important;\" data-rule-recaptcha=\"1\"><\/div><div class=\"wpforms-submit-container\" ><input type=\"hidden\" name=\"wpforms[id]\" value=\"5132\"><input type=\"hidden\" name=\"page_title\" value=\"\"><input type=\"hidden\" name=\"page_url\" value=\"https:\/\/chaosfertile.fr\/en\/wp-json\/wp\/v2\/pages\/16332\"><input type=\"hidden\" name=\"url_referer\" value=\"\"><button type=\"submit\" name=\"wpforms[submit]\" id=\"wpforms-submit-5132\" class=\"wpforms-submit\" data-alt-text=\"Envoi en cours...\" data-submit-text=\"Envoyer\" aria-live=\"assertive\" value=\"wpforms-submit\">Envoyer<\/button><img loading=\"lazy\" decoding=\"async\" src=\"https:\/\/chaosfertile.fr\/wp-content\/plugins\/wpforms\/assets\/images\/submit-spin.svg\" class=\"wpforms-submit-spinner\" style=\"display: none;\" width=\"26\" height=\"26\" alt=\"Loading\"><\/div><\/form><\/div>  <!-- .wpforms-container -->\n\t\t\t\t<\/div>\n\t\t\t<\/div>\n","protected":false},"author":2,"featured_media":0,"parent":0,"menu_order":20,"comment_status":"closed","ping_status":"closed","template":"","meta":{"_et_pb_use_builder":"on","_et_pb_old_content":"<!-- wp:divi\/placeholder \/-->","_et_gb_content_width":"","footnotes":""},"class_list":["post-16332","page","type-page","status-publish","hentry"],"aioseo_notices":[],"jetpack_sharing_enabled":true,"_links":{"self":[{"href":"https:\/\/chaosfertile.fr\/en\/wp-json\/wp\/v2\/pages\/16332","targetHints":{"allow":["GET"]}}],"collection":[{"href":"https:\/\/chaosfertile.fr\/en\/wp-json\/wp\/v2\/pages"}],"about":[{"href":"https:\/\/chaosfertile.fr\/en\/wp-json\/wp\/v2\/types\/page"}],"author":[{"embeddable":true,"href":"https:\/\/chaosfertile.fr\/en\/wp-json\/wp\/v2\/users\/2"}],"replies":[{"embeddable":true,"href":"https:\/\/chaosfertile.fr\/en\/wp-json\/wp\/v2\/comments?post=16332"}],"version-history":[{"count":0,"href":"https:\/\/chaosfertile.fr\/en\/wp-json\/wp\/v2\/pages\/16332\/revisions"}],"wp:attachment":[{"href":"https:\/\/chaosfertile.fr\/en\/wp-json\/wp\/v2\/media?parent=16332"}],"curies":[{"name":"wp","href":"https:\/\/api.w.org\/{rel}","templated":true}]}}