{"id":36063,"date":"2025-10-01T10:30:19","date_gmt":"2025-10-01T08:30:19","guid":{"rendered":"https:\/\/chaosfertile.fr\/?page_id=36063"},"modified":"2025-10-01T22:13:37","modified_gmt":"2025-10-01T20:13:37","slug":"licences-usage-de-la-marque","status":"publish","type":"page","link":"https:\/\/chaosfertile.fr\/en\/licences-usage-de-la-marque\/","title":{"rendered":"Licences &#038; usage de la marque"},"content":{"rendered":"<p>[et_pb_section fb_built=\u00a0\u00bb1&Prime; _builder_version=\u00a0\u00bb4.27.4&Prime; _module_preset=\u00a0\u00bbdefault\u00a0\u00bb hover_enabled=\u00a0\u00bb0&Prime; da_disable_devices=\u00a0\u00bboff|off|off\u00a0\u00bb global_colors_info=\u00a0\u00bb{}\u00a0\u00bb custom_padding=\u00a0\u00bb10px||10px||true|false\u00a0\u00bb custom_margin=\u00a0\u00bb0px||-40px||false|false\u00a0\u00bb sticky_enabled=\u00a0\u00bb0&Prime; da_is_popup=\u00a0\u00bboff\u00a0\u00bb da_exit_intent=\u00a0\u00bboff\u00a0\u00bb da_has_close=\u00a0\u00bbon\u00a0\u00bb da_alt_close=\u00a0\u00bboff\u00a0\u00bb da_dark_close=\u00a0\u00bboff\u00a0\u00bb da_not_modal=\u00a0\u00bbon\u00a0\u00bb da_is_singular=\u00a0\u00bboff\u00a0\u00bb da_with_loader=\u00a0\u00bboff\u00a0\u00bb da_has_shadow=\u00a0\u00bbon\u00a0\u00bb][et_pb_row _builder_version=\u00a0\u00bb4.27.4&Prime; _module_preset=\u00a0\u00bbdefault\u00a0\u00bb global_colors_info=\u00a0\u00bb{}\u00a0\u00bb][et_pb_column type=\u00a0\u00bb4_4&Prime; _builder_version=\u00a0\u00bb4.27.4&Prime; _module_preset=\u00a0\u00bbdefault\u00a0\u00bb global_colors_info=\u00a0\u00bb{}\u00a0\u00bb][et_pb_text _builder_version=\u00a0\u00bb4.24.2&Prime; _module_preset=\u00a0\u00bbf2571b89-5bf7-455b-9453-d5a26ff9db62&Prime; text_font=\u00a0\u00bb|600|||||||\u00a0\u00bb text_text_color=\u00a0\u00bb#000000&Prime; scroll_vertical_motion=\u00a0\u00bb0|65|65|100|2|0|-1&Prime; scroll_scaling=\u00a0\u00bb0|90|90|100|100%|100|50%\u00a0\u00bb scroll_blur=\u00a0\u00bb0|90|90|100|0px|0px|10px\u00a0\u00bb motion_trigger_start=\u00a0\u00bbbottom\u00a0\u00bb locked=\u00a0\u00bboff\u00a0\u00bb global_colors_info=\u00a0\u00bb{}\u00a0\u00bb]<\/p>\n<h1>LICENCES<\/h1>\n<h3>Notes d&rsquo;usage de la marque CHAOS FERTILE \u00a9<\/h3>\n<p>[\/et_pb_text][\/et_pb_column][\/et_pb_row][et_pb_row _builder_version=\u00a0\u00bb4.27.4&Prime; _module_preset=\u00a0\u00bbdefault\u00a0\u00bb column_structure=\u00a0\u00bb2_3,1_3&Prime;][et_pb_column _builder_version=\u00a0\u00bb4.27.4&Prime; _module_preset=\u00a0\u00bbdefault\u00a0\u00bb type=\u00a0\u00bb2_3&Prime;][et_pb_text _builder_version=\u00a0\u00bb4.27.4&Prime; _module_preset=\u00a0\u00bbdefault\u00a0\u00bb custom_margin=\u00a0\u00bb20px||20px||true|false\u00a0\u00bb hover_enabled=\u00a0\u00bb0&Prime; global_colors_info=\u00a0\u00bb{}\u00a0\u00bb sticky_enabled=\u00a0\u00bb0&Prime; module_alignment=\u00a0\u00bbright\u00a0\u00bb]<\/p>\n<p><strong><em>Chaos Fertile \u00a9<\/em><\/strong> est une marque d\u00e9pos\u00e9e et prot\u00e9g\u00e9e.<\/p>\n<p>Son utilisation est encadr\u00e9e afin de garantir la qualit\u00e9 des interventions et de pr\u00e9server le rayonnement collectif de l\u2019outil.<\/p>\n<p>L\u2019utilisation de <em><strong>Chaos Fertile \u00a9<\/strong><\/em> se pratique selon les trois licences suivantes :<\/p>\n<p>[\/et_pb_text][\/et_pb_column][et_pb_column _builder_version=\u00a0\u00bb4.27.4&Prime; _module_preset=\u00a0\u00bbdefault\u00a0\u00bb type=\u00a0\u00bb1_3&Prime;][et_pb_slider _builder_version=\u00a0\u00bb4.27.4&Prime; _module_preset=\u00a0\u00bbdefault\u00a0\u00bb show_pagination=\u00a0\u00bboff\u00a0\u00bb show_arrows=\u00a0\u00bboff\u00a0\u00bb header_text_color=\u00a0\u00bbRGBA(255,255,255,0)\u00a0\u00bb box_shadow_style=\u00a0\u00bbnone\u00a0\u00bb border_width_all=\u00a0\u00bb0px\u00a0\u00bb border_color_all=\u00a0\u00bbRGBA(255,255,255,0)\u00a0\u00bb border_style_all=\u00a0\u00bbnone\u00a0\u00bb custom_padding=\u00a0\u00bb5%||5%||true|false\u00a0\u00bb custom_margin=\u00a0\u00bb20px||20px||true|false\u00a0\u00bb module_alignment=\u00a0\u00bbcenter\u00a0\u00bb hover_transition_speed_curve=\u00a0\u00bbease-in-out\u00a0\u00bb auto=\u00a0\u00bbon\u00a0\u00bb auto_ignore_hover=\u00a0\u00bbon\u00a0\u00bb auto_speed=\u00a0\u00bb2500&Prime; hover_enabled=\u00a0\u00bb0&Prime; sticky_enabled=\u00a0\u00bb0&Prime; custom_css_free_form=\u00a0\u00bb        selector {||            filter: drop-shadow(5px 5px 5px #222);     ||        }||\u00a0\u00bb][et_pb_slide _builder_version=\u00a0\u00bb4.27.4&Prime; _module_preset=\u00a0\u00bbdefault\u00a0\u00bb alt=\u00a0\u00bbTOKEN_VERSO\u00a0\u00bb title_text=\u00a0\u00bbTOKEN_VERSO\u00a0\u00bb background_image=\u00a0\u00bbhttps:\/\/chaosfertile.fr\/wp-content\/uploads\/2024\/04\/TOKEN_VERSO.png\u00a0\u00bb background_size=\u00a0\u00bbcontain\u00a0\u00bb use_text_overlay=\u00a0\u00bboff\u00a0\u00bb custom_padding=\u00a0\u00bb80px|1%|80px|1%|true|true\u00a0\u00bb hover_enabled=\u00a0\u00bb0&Prime; sticky_enabled=\u00a0\u00bb0&Prime;][\/et_pb_slide][et_pb_slide _builder_version=\u00a0\u00bb4.27.4&Prime; _module_preset=\u00a0\u00bbdefault\u00a0\u00bb alt=\u00a0\u00bbTOKEN_MULTI\u00a0\u00bb title_text=\u00a0\u00bbTOKEN_MULTI\u00a0\u00bb background_image=\u00a0\u00bbhttps:\/\/chaosfertile.fr\/wp-content\/uploads\/2024\/04\/TOKEN_MULTI.png\u00a0\u00bb background_size=\u00a0\u00bbcontain\u00a0\u00bb use_text_overlay=\u00a0\u00bboff\u00a0\u00bb custom_padding=\u00a0\u00bb80px|1%|80px|1%|true|true\u00a0\u00bb hover_enabled=\u00a0\u00bb0&Prime; sticky_enabled=\u00a0\u00bb0&Prime; transform_rotate=\u00a0\u00bb344deg|346deg|0deg\u00a0\u00bb][\/et_pb_slide][et_pb_slide _builder_version=\u00a0\u00bb4.27.4&Prime; _module_preset=\u00a0\u00bbdefault\u00a0\u00bb alt=\u00a0\u00bbTOKEN_XPCF\u00a0\u00bb title_text=\u00a0\u00bbTOKEN_XPCF\u00a0\u00bb background_image=\u00a0\u00bbhttps:\/\/chaosfertile.fr\/wp-content\/uploads\/2024\/04\/TOKEN_XPCF.png\u00a0\u00bb background_size=\u00a0\u00bbcontain\u00a0\u00bb use_text_overlay=\u00a0\u00bboff\u00a0\u00bb custom_padding=\u00a0\u00bb80px|1%|80px|1%|true|true\u00a0\u00bb hover_enabled=\u00a0\u00bb0&Prime; sticky_enabled=\u00a0\u00bb0&Prime; transform_rotate=\u00a0\u00bb15deg|339deg|0deg\u00a0\u00bb][\/et_pb_slide][et_pb_slide _builder_version=\u00a0\u00bb4.27.4&Prime; _module_preset=\u00a0\u00bbdefault\u00a0\u00bb alt=\u00a0\u00bbTOKEN_CENTRAGE\u00a0\u00bb title_text=\u00a0\u00bbTOKEN_CENTRAGE\u00a0\u00bb background_image=\u00a0\u00bbhttps:\/\/chaosfertile.fr\/wp-content\/uploads\/2024\/04\/TOKEN_CENTRAGE.png\u00a0\u00bb background_size=\u00a0\u00bbcontain\u00a0\u00bb use_text_overlay=\u00a0\u00bboff\u00a0\u00bb custom_padding=\u00a0\u00bb80px|1%|80px|1%|true|true\u00a0\u00bb hover_enabled=\u00a0\u00bb0&Prime; sticky_enabled=\u00a0\u00bb0&Prime; transform_rotate=\u00a0\u00bb18deg|15deg|0deg\u00a0\u00bb][\/et_pb_slide][et_pb_slide _builder_version=\u00a0\u00bb4.27.4&Prime; _module_preset=\u00a0\u00bbdefault\u00a0\u00bb alt=\u00a0\u00bbTOKEN_EXPRESSION\u00a0\u00bb title_text=\u00a0\u00bbTOKEN_EXPRESSION\u00a0\u00bb background_image=\u00a0\u00bbhttps:\/\/chaosfertile.fr\/wp-content\/uploads\/2024\/04\/TOKEN_EXPRESSION.png\u00a0\u00bb background_size=\u00a0\u00bbcontain\u00a0\u00bb use_text_overlay=\u00a0\u00bboff\u00a0\u00bb custom_padding=\u00a0\u00bb80px|1%|80px|1%|true|true\u00a0\u00bb hover_enabled=\u00a0\u00bb0&Prime; sticky_enabled=\u00a0\u00bb0&Prime; transform_rotate=\u00a0\u00bb12deg|339deg|359deg\u00a0\u00bb][\/et_pb_slide][\/et_pb_slider][\/et_pb_column][\/et_pb_row][et_pb_row _builder_version=\u00a0\u00bb4.27.4&Prime; _module_preset=\u00a0\u00bbdefault\u00a0\u00bb global_colors_info=\u00a0\u00bb{}\u00a0\u00bb][et_pb_column type=\u00a0\u00bb4_4&Prime; _builder_version=\u00a0\u00bb4.27.4&Prime; _module_preset=\u00a0\u00bbdefault\u00a0\u00bb global_colors_info=\u00a0\u00bb{}\u00a0\u00bb][et_pb_text _builder_version=\u00a0\u00bb4.27.4&Prime; _module_preset=\u00a0\u00bbdefault\u00a0\u00bb hover_enabled=\u00a0\u00bb0&Prime; global_colors_info=\u00a0\u00bb{}\u00a0\u00bb sticky_enabled=\u00a0\u00bb0&Prime; border_radii=\u00a0\u00bbon|15px|15px|15px|15px\u00a0\u00bb border_color_all=\u00a0\u00bbRGBA(255,255,255,0)\u00a0\u00bb box_shadow_style=\u00a0\u00bbpreset2&Prime; custom_margin=\u00a0\u00bb0px|0px|0px|0px|true|true\u00a0\u00bb custom_padding=\u00a0\u00bb1%|1%|1%|1%|true|true\u00a0\u00bb use_background_color_gradient=\u00a0\u00bbon\u00a0\u00bb background_color_gradient_type=\u00a0\u00bbelliptical\u00a0\u00bb background_color_gradient_stops=\u00a0\u00bbrgba(17,219,255,0.27) 0%|rgba(80,211,141,0.13) 100%\u00a0\u00bb box_shadow_vertical=\u00a0\u00bb6px\u00a0\u00bb box_shadow_horizontal=\u00a0\u00bb6px\u00a0\u00bb]<\/p>\n<table style=\"width: 100%; margin-left: auto; margin-right: auto;\" border=\"0\" cellspacing=\"0\" cellpadding=\"0\">\n<tbody>\n<tr>\n<td style=\"width: 40%;\" valign=\"middle\"><span style=\"color: #000000; font-family: Avenir; font-size: large;\">Nom de la licence<\/span><\/td>\n<td style=\"width: 20%;\" valign=\"middle\">\n<p align=\"center\"><span style=\"color: #000000; font-family: Avenir; font-size: large;\"><strong>LICENCE 1 <\/strong><\/span><\/p>\n<\/td>\n<td style=\"width: 20%;\" valign=\"middle\">\n<p align=\"center\"><span style=\"color: #000000; font-family: Avenir; font-size: large;\"><strong>LICENCE 2<\/strong> <\/span><\/p>\n<\/td>\n<td style=\"width: 20%;\" valign=\"middle\">\n<p align=\"center\"><span style=\"color: #000000; font-family: Avenir; font-size: large;\"><strong>LICENCE 3<\/strong> <\/span><\/p>\n<\/td>\n<\/tr>\n<tr>\n<td><span style=\"color: #000000; font-family: Avenir; font-size: large;\">Caract\u00e9ristiques<\/span><\/td>\n<td>\n<p align=\"center\"><span style=\"color: #000000; font-family: Avenir; font-size: large;\"><strong>Commerciale Avec certification<\/strong><\/span><\/p>\n<\/td>\n<td>\n<p align=\"center\"><span style=\"color: #000000; font-family: Avenir; font-size: large;\"><strong>Non commerciale Avec certification<\/strong><\/span><\/p>\n<\/td>\n<td>\n<p align=\"center\"><span style=\"color: #000000; font-family: Avenir; font-size: large;\"><strong>Non commerciale Sans certification<\/strong><\/span><\/p>\n<\/td>\n<\/tr>\n<tr>\n<td valign=\"middle\"><span style=\"color: #000000; font-family: Avenir; font-size: large;\">Prestations commerciales autoris\u00e9es<\/span><\/td>\n<td valign=\"middle\">\n<p style=\"text-align: center;\" align=\"center\"><span style=\"color: #000000; font-family: Apple Color Emoji; font-size: x-large;\">\u2705<\/span><\/p>\n<\/td>\n<td valign=\"middle\">\n<p align=\"center\"><span style=\"color: #000000; font-family: Apple Color Emoji; font-size: x-large;\">\u274c<\/span><\/p>\n<\/td>\n<td valign=\"middle\">\n<p align=\"center\"><span style=\"color: #000000; font-family: Apple Color Emoji; font-size: x-large;\">\u274c<\/span><\/p>\n<\/td>\n<\/tr>\n<tr>\n<td valign=\"middle\"><span style=\"color: #000000; font-family: Avenir; font-size: large;\">Certification requise<\/span><\/td>\n<td valign=\"middle\">\n<p align=\"center\"><span style=\"color: #000000; font-family: Apple Color Emoji; font-size: x-large;\">\u2705<\/span><\/p>\n<\/td>\n<td valign=\"middle\">\n<p align=\"center\"><span style=\"color: #000000; font-family: Apple Color Emoji; font-size: x-large;\">\u2705<\/span><\/p>\n<\/td>\n<td valign=\"middle\">\n<p align=\"center\"><span style=\"color: #000000; font-family: Apple Color Emoji; font-size: x-large;\">\u274c<\/span><\/p>\n<\/td>\n<\/tr>\n<tr>\n<td valign=\"middle\"><span style=\"color: #000000; font-family: Avenir; font-size: large;\">Int\u00e9gration au r\u00e9seau FCF\u00a9 <\/span><span style=\"color: #000000; font-family: Avenir; font-size: medium;\">***<\/span><\/td>\n<td valign=\"middle\">\n<p style=\"text-align: center;\" align=\"center\"><span style=\"color: #000000; font-family: Apple Color Emoji; font-size: x-large;\">\u2705<\/span><span style=\"color: #000000; font-family: Avenir; font-size: medium;\"> *<\/span><\/p>\n<\/td>\n<td valign=\"middle\">\n<p align=\"center\"><span style=\"color: #000000; font-family: Apple Color Emoji; font-size: x-large;\">\u2705<\/span><span style=\"color: #000000; font-family: Avenir; font-size: medium;\"> **<\/span><\/p>\n<\/td>\n<td valign=\"middle\">\n<p align=\"center\"><span style=\"color: #000000; font-family: Apple Color Emoji; font-size: x-large;\">\u274c<\/span><\/p>\n<\/td>\n<\/tr>\n<tr>\n<td valign=\"middle\"><span style=\"color: #000000; font-family: Avenir; font-size: large;\">Organisation de parties gratuites \/ d\u00e9mos publiques<\/span><\/td>\n<td valign=\"middle\">\n<p align=\"center\"><span style=\"color: #000000; font-family: Apple Color Emoji; font-size: x-large;\">\u2705<\/span><\/p>\n<\/td>\n<td valign=\"middle\">\n<p align=\"center\"><span style=\"color: #000000; font-family: Apple Color Emoji; font-size: x-large;\">\u2705<\/span><\/p>\n<\/td>\n<td valign=\"middle\">\n<p align=\"center\"><span style=\"color: #000000; font-family: Apple Color Emoji; font-size: x-large;\">\u274c<\/span><\/p>\n<\/td>\n<\/tr>\n<tr>\n<td valign=\"middle\"><span style=\"color: #000000; font-family: Avenir; font-size: large;\">Autorisation de publication sur les r\u00e9seaux sociaux avec mention obligatoire des termes :<\/span><\/td>\n<td valign=\"middle\">\n<p align=\"center\"><span style=\"color: #000000; font-family: Apple Color Emoji; font-size: x-large;\">\u2705<\/span><\/p>\n<p align=\"center\"><em><span style=\"color: #000000; font-family: Avenir; font-size: medium;\"><strong>Certifi\u00e9\u00b7e<\/strong><\/span><\/em><\/p>\n<\/td>\n<td valign=\"middle\">\n<p align=\"center\"><span style=\"color: #000000; font-family: Apple Color Emoji; font-size: x-large;\">\u2705<\/span><\/p>\n<p align=\"center\"><em><strong><span style=\"color: #000000; font-family: Avenir; font-size: medium;\">Certifi\u00e9\u00b7e b\u00e9n\u00e9vole<\/span><\/strong><\/em><\/p>\n<\/td>\n<td valign=\"middle\">\n<p align=\"center\"><span style=\"color: #000000; font-family: Apple Color Emoji; font-size: x-large;\">\u2705<\/span><\/p>\n<p align=\"center\"><strong><em><span style=\"color: #000000; font-family: Avenir; font-size: medium;\">Non certifi\u00e9\u00b7e<\/span><\/em><\/strong><\/p>\n<\/td>\n<\/tr>\n<tr>\n<td valign=\"middle\"><span style=\"color: #000000; font-family: Avenir; font-size: large;\">Usage priv\u00e9 \/ professionnel<\/span><\/td>\n<td valign=\"middle\">\n<p align=\"center\"><span style=\"color: #000000; font-family: Apple Color Emoji; font-size: x-large;\">\u2705<\/span><\/p>\n<\/td>\n<td valign=\"middle\">\n<p align=\"center\"><span style=\"color: #000000; font-family: Apple Color Emoji; font-size: x-large;\">\u2705<\/span><\/p>\n<\/td>\n<td valign=\"middle\">\n<p align=\"center\"><span style=\"color: #000000; font-family: Apple Color Emoji; font-size: x-large;\">\u2705<\/span><\/p>\n<\/td>\n<\/tr>\n<\/tbody>\n<\/table>\n<p>[\/et_pb_text][et_pb_text _builder_version=\u00a0\u00bb4.27.4&Prime; _module_preset=\u00a0\u00bbdefault\u00a0\u00bb custom_margin=\u00a0\u00bb20px||20px||true|false\u00a0\u00bb global_colors_info=\u00a0\u00bb{}\u00a0\u00bb]<\/p>\n<p><strong><span style=\"font-size: 14pt;\">Notes explicatives<\/span><br \/><\/strong><br \/>* Sous r\u00e9serve du r\u00e8glement de la cotisation annuelle (gratuite la premi\u00e8re ann\u00e9e, puis 300 \u20ac TTC\/an).<br \/>** Sous r\u00e9serve d\u2019effectuer au minimum 3 publications par an sur les r\u00e9seaux sociaux (LinkedIn en priorit\u00e9).<br \/>*** En suivant la formation professionnelle Facilitation Chaos Fertile\u00a9 et en obtenant la certification (validation des acquis th\u00e9oriques et pratiques), vous pouvez int\u00e9grer le r\u00e9seau officiel FCF\u00a9 : r\u00e9f\u00e9rencement sur le site internet, statut de prescripteur affili\u00e9, temps de supervision trimestriels en distanciel, acc\u00e8s \u00e0 un espace d\u2019\u00e9change de pratiques et \u00e0 un r\u00e9seau de pairs, ainsi qu\u2019\u00e0 des supports de communication visuels (papier et num\u00e9riques).<\/p>\n<p>&nbsp;<\/p>\n<p><strong><span style=\"font-size: 14pt;\">Pour aller plus loin<\/span><\/strong><\/p>\n<p>Si vous souhaitez \u00e9voluer vers une utilisation professionnelle de Chaos Fertile\u00a9, nous vous invitons \u00e0 rejoindre la formation Facilitation Chaos Fertile\u00a9 (FCF\u00a9). \u2028Elle vous donnera acc\u00e8s \u00e0 la certification, \u00e0 la licence commerciale et au r\u00e9seau officiel, avec tout notre soutien.<\/p>\n<p>Dans tous les cas, merci de citer Chaos Fertile\u00a9 et de nous taguer lors de vos publications. Cela contribue au rayonnement collectif de la communaut\u00e9 \ud83d\ude4f<\/p>\n<p>[\/et_pb_text][\/et_pb_column][\/et_pb_row][\/et_pb_section]<\/p>\n","protected":false},"excerpt":{"rendered":"<p>LICENCES Notes d&rsquo;usage de la marque CHAOS FERTILE \u00a9Chaos Fertile \u00a9 est une marque d\u00e9pos\u00e9e et prot\u00e9g\u00e9e. Son utilisation est encadr\u00e9e afin de garantir la qualit\u00e9 des interventions et de [&hellip;]<\/p>\n","protected":false},"author":1,"featured_media":0,"parent":0,"menu_order":49,"comment_status":"closed","ping_status":"closed","template":"","meta":{"_et_pb_use_builder":"on","_et_pb_old_content":"","_et_gb_content_width":"","footnotes":""},"class_list":["post-36063","page","type-page","status-publish","hentry"],"aioseo_notices":[],"jetpack_sharing_enabled":true,"_links":{"self":[{"href":"https:\/\/chaosfertile.fr\/en\/wp-json\/wp\/v2\/pages\/36063","targetHints":{"allow":["GET"]}}],"collection":[{"href":"https:\/\/chaosfertile.fr\/en\/wp-json\/wp\/v2\/pages"}],"about":[{"href":"https:\/\/chaosfertile.fr\/en\/wp-json\/wp\/v2\/types\/page"}],"author":[{"embeddable":true,"href":"https:\/\/chaosfertile.fr\/en\/wp-json\/wp\/v2\/users\/1"}],"replies":[{"embeddable":true,"href":"https:\/\/chaosfertile.fr\/en\/wp-json\/wp\/v2\/comments?post=36063"}],"version-history":[{"count":0,"href":"https:\/\/chaosfertile.fr\/en\/wp-json\/wp\/v2\/pages\/36063\/revisions"}],"wp:attachment":[{"href":"https:\/\/chaosfertile.fr\/en\/wp-json\/wp\/v2\/media?parent=36063"}],"curies":[{"name":"wp","href":"https:\/\/api.w.org\/{rel}","templated":true}]}}