{"id":671,"date":"2021-02-08T11:57:37","date_gmt":"2021-02-08T10:57:37","guid":{"rendered":"https:\/\/chaosfertile.fr\/?page_id=671"},"modified":"2022-09-12T16:13:40","modified_gmt":"2022-09-12T14:13:40","slug":"temoignages","status":"publish","type":"page","link":"https:\/\/chaosfertile.fr\/en\/temoignages\/","title":{"rendered":"Testimonials"},"content":{"rendered":"<div id=\"pl-671\"  class=\"panel-layout\" >\n<div id=\"pg-671-0\"  class=\"panel-grid panel-has-style\"  data-style=\"{&quot;padding&quot;:&quot;0px 0px 0px 0px&quot;,&quot;background_image_attachment&quot;:false,&quot;background_display&quot;:&quot;tile&quot;,&quot;bottom_margin&quot;:&quot;10px&quot;,&quot;cell_alignment&quot;:&quot;flex-start&quot;}\"  data-ratio=\"1\"  data-ratio-direction=\"right\" >\n<div class=\"panel-row-style panel-row-style-for-671-0\" >\n<div id=\"pgc-671-0-0\"  class=\"panel-grid-cell\"  data-style=\"{&quot;background_image_attachment&quot;:false,&quot;background_display&quot;:&quot;tile&quot;,&quot;vertical_alignment&quot;:&quot;auto&quot;}\"  data-weight=\"1\" >\n<div id=\"panel-671-0-0-0\" class=\"so-panel widget widget_sow-editor panel-first-child panel-last-child widgetopts-SO\" data-index=\"0\" data-style=\"{&quot;background_image_attachment&quot;:false,&quot;background_display&quot;:&quot;tile&quot;,&quot;margin&quot;:&quot;0px 0px 0px 0px&quot;}\" >\n<div\n\t\t\t\n\t\t\tclass=\"so-widget-sow-editor so-widget-sow-editor-base\"\n\t\t\t\n\t\t><\/p>\n<div class=\"siteorigin-widget-tinymce textwidget\">\n<h1 style=\"text-align: center;\"><span style=\"font-family: gotham-book;\"><a id=\"temoignages\"><\/a>Testimonials<\/span><\/h1>\n<pre class=\"ti-widget\" style=\"display: none\"><template id=\"trustindex-facebook-widget-html\"><div class=\"ti-widget  ti-face ti-review-text-mode-readmore ti-content-align-center\" data-no-translation=\"true\" data-plugin-version=\"13.2.9\" data-layout-id=\"36\" data-layout-category=\"slider\" data-set-id=\"light-background\" data-pid=\"\" data-language=\"fr\" data-close-locale=\"Fermer\" data-review-target-width=\"300\" data-css-version=\"2\" data-reply-by-locale=\"R\u00e9ponse du propri\u00e9taire\" data-only-rating-locale=\"Cet utilisateur a uniquement laiss\u00e9 une \u00e9valuation.\" data-pager-autoplay-timeout=\"6\"> <div class=\"ti-widget-container ti-col-3\"> <div class=\"ti-reviews-container\"> <div class=\"ti-controls\"> <div class=\"ti-next\" aria-label=\"Avis suivante\" role=\"button\" tabindex=\"0\"><\/div> <div class=\"ti-prev\" aria-label=\"Avis pr\u00e9c\u00e9dent\" role=\"button\" tabindex=\"0\"><\/div> <\/div> <div class=\"ti-reviews-container-wrapper\">  <div data-empty=\"0\" class=\"ti-review-item source-Facebook ti-image-layout-thumbnail\" data-id=\"cfcd208495d565ef66e7dff9f98764da\"> <div class=\"ti-inner\"> <div class=\"ti-review-header\"> <trustindex-image class=\"ti-platform-icon\" data-imgurl=\"https:\/\/cdn.trustindex.io\/assets\/platform\/Facebook\/icon.svg\" alt=\"\" width=\"20\" height=\"20\" loading=\"lazy\"><\/trustindex-image> <div class=\"ti-profile-img\"> <trustindex-image data-imgurl=\"https:\/\/graph.facebook.com\/4132529456871907\/picture?access_token=EAACW8aYRzLUBAIFsSuMzZBczQsz8aXc1rCbkBeZAD6N6FOzJsHR7SHiDSZBgZBZA41SK0W5M3S6Gu4p1uRrsQA5udTrTTA8fJlQoVdHZBRbuv2OozZCt8ZAGMUZBHcgZC33Y1tpKIOnhpPJ028pH9G6BhqcFeiH2IZAureMdIhQISn2OmMrVI7ETZBBydH931QAeYoQZD&amp;type=square&amp;width=80\" alt=\"Claire Rinaldi profile picture\" loading=\"lazy\"><\/trustindex-image> <\/div> <div class=\"ti-profile-details\"> <div class=\"ti-name\"> Claire Rinaldi <\/div> <div class=\"ti-date\">06\/11\/2021<\/div> <\/div> <\/div> <span class=\"ti-stars\"><trustindex-image class=\"ti-star\" data-imgurl=\"https:\/\/cdn.trustindex.io\/assets\/platform\/Facebook\/star\/f.svg\" alt=\"Facebook star 1\" width=\"17\" height=\"17\" loading=\"lazy\"><\/trustindex-image><trustindex-image class=\"ti-star\" data-imgurl=\"https:\/\/cdn.trustindex.io\/assets\/platform\/Facebook\/star\/f.svg\" alt=\"Facebook star 2\" width=\"17\" height=\"17\" loading=\"lazy\"><\/trustindex-image><trustindex-image class=\"ti-star\" data-imgurl=\"https:\/\/cdn.trustindex.io\/assets\/platform\/Facebook\/star\/f.svg\" alt=\"Facebook star 3\" width=\"17\" height=\"17\" loading=\"lazy\"><\/trustindex-image><trustindex-image class=\"ti-star\" data-imgurl=\"https:\/\/cdn.trustindex.io\/assets\/platform\/Facebook\/star\/f.svg\" alt=\"Facebook star 4\" width=\"17\" height=\"17\" loading=\"lazy\"><\/trustindex-image><trustindex-image class=\"ti-star\" data-imgurl=\"https:\/\/cdn.trustindex.io\/assets\/platform\/Facebook\/star\/f.svg\" alt=\"Facebook star 5\" width=\"17\" height=\"17\" loading=\"lazy\"><\/trustindex-image><span class=\"ti-verified-review ti-verified-platform\"><span class=\"ti-verified-tooltip\">Trustindex v\u00e9rifie que la source originale de l'avis est Facebook.<\/span><\/span><\/span> <div class=\"ti-review-text-container ti-review-content\"><!-- R-CONTENT -->Il est grand temps de passer aux choses s\u00e9rieuses ! R\u00e9alisons nos r\u00eaves tout en  jouant avec ce nouveau jeu de soci\u00e9t\u00e9 innovant. Allez voir la page de Chaos Fertile.  On a tout \u00e0 gagner!<!-- R-CONTENT --><\/div> <span class=\"ti-read-more\" data-container=\".ti-review-content\" data-collapse-text=\"Cacher\" data-open-text=\"Lire la suite\"><\/span> <\/div> <\/div>  <div data-empty=\"0\" class=\"ti-review-item source-Facebook ti-image-layout-thumbnail\" data-id=\"cfcd208495d565ef66e7dff9f98764da\"> <div class=\"ti-inner\"> <div class=\"ti-review-header\"> <trustindex-image class=\"ti-platform-icon\" data-imgurl=\"https:\/\/cdn.trustindex.io\/assets\/platform\/Facebook\/icon.svg\" alt=\"\" width=\"20\" height=\"20\" loading=\"lazy\"><\/trustindex-image> <div class=\"ti-profile-img\"> <trustindex-image data-imgurl=\"https:\/\/graph.facebook.com\/5212067908910445\/picture?access_token=EAACW8aYRzLUBAIFsSuMzZBczQsz8aXc1rCbkBeZAD6N6FOzJsHR7SHiDSZBgZBZA41SK0W5M3S6Gu4p1uRrsQA5udTrTTA8fJlQoVdHZBRbuv2OozZCt8ZAGMUZBHcgZC33Y1tpKIOnhpPJ028pH9G6BhqcFeiH2IZAureMdIhQISn2OmMrVI7ETZBBydH931QAeYoQZD&amp;type=square&amp;width=80\" alt=\"Justine Fleur profile picture\" loading=\"lazy\"><\/trustindex-image> <\/div> <div class=\"ti-profile-details\"> <div class=\"ti-name\"> Justine Fleur <\/div> <div class=\"ti-date\">20\/04\/2021<\/div> <\/div> <\/div> <span class=\"ti-stars\"><trustindex-image class=\"ti-star\" data-imgurl=\"https:\/\/cdn.trustindex.io\/assets\/platform\/Facebook\/star\/f.svg\" alt=\"Facebook star 1\" width=\"17\" height=\"17\" loading=\"lazy\"><\/trustindex-image><trustindex-image class=\"ti-star\" data-imgurl=\"https:\/\/cdn.trustindex.io\/assets\/platform\/Facebook\/star\/f.svg\" alt=\"Facebook star 2\" width=\"17\" height=\"17\" loading=\"lazy\"><\/trustindex-image><trustindex-image class=\"ti-star\" data-imgurl=\"https:\/\/cdn.trustindex.io\/assets\/platform\/Facebook\/star\/f.svg\" alt=\"Facebook star 3\" width=\"17\" height=\"17\" loading=\"lazy\"><\/trustindex-image><trustindex-image class=\"ti-star\" data-imgurl=\"https:\/\/cdn.trustindex.io\/assets\/platform\/Facebook\/star\/f.svg\" alt=\"Facebook star 4\" width=\"17\" height=\"17\" loading=\"lazy\"><\/trustindex-image><trustindex-image class=\"ti-star\" data-imgurl=\"https:\/\/cdn.trustindex.io\/assets\/platform\/Facebook\/star\/f.svg\" alt=\"Facebook star 5\" width=\"17\" height=\"17\" loading=\"lazy\"><\/trustindex-image><span class=\"ti-verified-review ti-verified-platform\"><span class=\"ti-verified-tooltip\">Trustindex v\u00e9rifie que la source originale de l'avis est Facebook.<\/span><\/span><\/span> <div class=\"ti-review-text-container ti-review-content\"><!-- R-CONTENT -->Chaos Fertile : tr\u00e8s beau jeu coop\u00e9ratif conscient, qui nous invite \u00e0 plonger dans le chaos bouillonnant de l'inspiration et de la cr\u00e9ation libres et partag\u00e9es, et \u00e0 en ressortir, dans une fertilit\u00e9 foisonnante, les premi\u00e8res graines \u00e0 planter pour nos projets. ?<!-- R-CONTENT --><\/div> <span class=\"ti-read-more\" data-container=\".ti-review-content\" data-collapse-text=\"Cacher\" data-open-text=\"Lire la suite\"><\/span> <\/div> <\/div>  <div data-empty=\"0\" class=\"ti-review-item source-Facebook ti-image-layout-thumbnail\" data-id=\"cfcd208495d565ef66e7dff9f98764da\"> <div class=\"ti-inner\"> <div class=\"ti-review-header\"> <trustindex-image class=\"ti-platform-icon\" data-imgurl=\"https:\/\/cdn.trustindex.io\/assets\/platform\/Facebook\/icon.svg\" alt=\"\" width=\"20\" height=\"20\" loading=\"lazy\"><\/trustindex-image> <div class=\"ti-profile-img\"> <trustindex-image data-imgurl=\"https:\/\/graph.facebook.com\/4279363995511219\/picture?access_token=EAACW8aYRzLUBAIFsSuMzZBczQsz8aXc1rCbkBeZAD6N6FOzJsHR7SHiDSZBgZBZA41SK0W5M3S6Gu4p1uRrsQA5udTrTTA8fJlQoVdHZBRbuv2OozZCt8ZAGMUZBHcgZC33Y1tpKIOnhpPJ028pH9G6BhqcFeiH2IZAureMdIhQISn2OmMrVI7ETZBBydH931QAeYoQZD&amp;type=square&amp;width=80\" alt=\"L\u00e9a Ma\u00ef Abuissa profile picture\" loading=\"lazy\"><\/trustindex-image> <\/div> <div class=\"ti-profile-details\"> <div class=\"ti-name\"> L\u00e9a Ma\u00ef Abuissa <\/div> <div class=\"ti-date\">20\/04\/2021<\/div> <\/div> <\/div> <span class=\"ti-stars\"><trustindex-image class=\"ti-star\" data-imgurl=\"https:\/\/cdn.trustindex.io\/assets\/platform\/Facebook\/star\/f.svg\" alt=\"Facebook star 1\" width=\"17\" height=\"17\" loading=\"lazy\"><\/trustindex-image><trustindex-image class=\"ti-star\" data-imgurl=\"https:\/\/cdn.trustindex.io\/assets\/platform\/Facebook\/star\/f.svg\" alt=\"Facebook star 2\" width=\"17\" height=\"17\" loading=\"lazy\"><\/trustindex-image><trustindex-image class=\"ti-star\" data-imgurl=\"https:\/\/cdn.trustindex.io\/assets\/platform\/Facebook\/star\/f.svg\" alt=\"Facebook star 3\" width=\"17\" height=\"17\" loading=\"lazy\"><\/trustindex-image><trustindex-image class=\"ti-star\" data-imgurl=\"https:\/\/cdn.trustindex.io\/assets\/platform\/Facebook\/star\/f.svg\" alt=\"Facebook star 4\" width=\"17\" height=\"17\" loading=\"lazy\"><\/trustindex-image><trustindex-image class=\"ti-star\" data-imgurl=\"https:\/\/cdn.trustindex.io\/assets\/platform\/Facebook\/star\/f.svg\" alt=\"Facebook star 5\" width=\"17\" height=\"17\" loading=\"lazy\"><\/trustindex-image><span class=\"ti-verified-review ti-verified-platform\"><span class=\"ti-verified-tooltip\">Trustindex v\u00e9rifie que la source originale de l'avis est Facebook.<\/span><\/span><\/span> <div class=\"ti-review-text-container ti-review-content\"><!-- R-CONTENT -->Un jeu constructif et r\u00e9cr\u00e9atif, mobilisateur, catalyseur.\nIl facilite la construction d'un projet collectif, dans notre cas un Espace de cr\u00e9ation collective.\nCe m\u00e9dia permet la concr\u00e9tisation d'un r\u00eave collectif \u00e0 travers celle.ux qui l'intentionnent... ?<!-- R-CONTENT --><\/div> <span class=\"ti-read-more\" data-container=\".ti-review-content\" data-collapse-text=\"Cacher\" data-open-text=\"Lire la suite\"><\/span> <\/div> <\/div>  <div data-empty=\"0\" class=\"ti-review-item source-Facebook ti-image-layout-thumbnail\" data-id=\"cfcd208495d565ef66e7dff9f98764da\"> <div class=\"ti-inner\"> <div class=\"ti-review-header\"> <trustindex-image class=\"ti-platform-icon\" data-imgurl=\"https:\/\/cdn.trustindex.io\/assets\/platform\/Facebook\/icon.svg\" alt=\"\" width=\"20\" height=\"20\" loading=\"lazy\"><\/trustindex-image> <div class=\"ti-profile-img\"> <trustindex-image data-imgurl=\"https:\/\/graph.facebook.com\/7861963507209154\/picture?access_token=EAACW8aYRzLUBAIFsSuMzZBczQsz8aXc1rCbkBeZAD6N6FOzJsHR7SHiDSZBgZBZA41SK0W5M3S6Gu4p1uRrsQA5udTrTTA8fJlQoVdHZBRbuv2OozZCt8ZAGMUZBHcgZC33Y1tpKIOnhpPJ028pH9G6BhqcFeiH2IZAureMdIhQISn2OmMrVI7ETZBBydH931QAeYoQZD&amp;type=square&amp;width=80\" alt=\"Thibaut Kraeber profile picture\" loading=\"lazy\"><\/trustindex-image> <\/div> <div class=\"ti-profile-details\"> <div class=\"ti-name\"> Thibaut Kraeber <\/div> <div class=\"ti-date\">17\/04\/2021<\/div> <\/div> <\/div> <span class=\"ti-stars\"><trustindex-image class=\"ti-star\" data-imgurl=\"https:\/\/cdn.trustindex.io\/assets\/platform\/Facebook\/star\/f.svg\" alt=\"Facebook star 1\" width=\"17\" height=\"17\" loading=\"lazy\"><\/trustindex-image><trustindex-image class=\"ti-star\" data-imgurl=\"https:\/\/cdn.trustindex.io\/assets\/platform\/Facebook\/star\/f.svg\" alt=\"Facebook star 2\" width=\"17\" height=\"17\" loading=\"lazy\"><\/trustindex-image><trustindex-image class=\"ti-star\" data-imgurl=\"https:\/\/cdn.trustindex.io\/assets\/platform\/Facebook\/star\/f.svg\" alt=\"Facebook star 3\" width=\"17\" height=\"17\" loading=\"lazy\"><\/trustindex-image><trustindex-image class=\"ti-star\" data-imgurl=\"https:\/\/cdn.trustindex.io\/assets\/platform\/Facebook\/star\/f.svg\" alt=\"Facebook star 4\" width=\"17\" height=\"17\" loading=\"lazy\"><\/trustindex-image><trustindex-image class=\"ti-star\" data-imgurl=\"https:\/\/cdn.trustindex.io\/assets\/platform\/Facebook\/star\/f.svg\" alt=\"Facebook star 5\" width=\"17\" height=\"17\" loading=\"lazy\"><\/trustindex-image><span class=\"ti-verified-review ti-verified-platform\"><span class=\"ti-verified-tooltip\">Trustindex v\u00e9rifie que la source originale de l'avis est Facebook.<\/span><\/span><\/span> <div class=\"ti-review-text-container ti-review-content\"><!-- R-CONTENT -->Projet tr\u00e8s interessant, esth\u00e9tique et po\u00e9tique en plus d'\u00eatre pratique et technique !<!-- R-CONTENT --><\/div> <span class=\"ti-read-more\" data-container=\".ti-review-content\" data-collapse-text=\"Cacher\" data-open-text=\"Lire la suite\"><\/span> <\/div> <\/div>  <\/div> <div class=\"ti-controls-line\"> <div class=\"dot\"><\/div> <\/div> <\/div>    <\/div> <\/div> <\/template><\/pre><div data-src=\"https:\/\/cdn.trustindex.io\/loader.js?wp-widget\" data-template-id=\"trustindex-facebook-widget-html\" data-css-url=\"https:\/\/chaosfertile.fr\/wp-content\/uploads\/trustindex-facebook-widget.css?1776179313\"><\/div>\n<\/div>\n<\/div>\n<\/div>\n<\/div>\n<\/div>\n<\/div>\n<\/div>","protected":false},"excerpt":{"rendered":"<p>Testimonials<\/p>","protected":false},"author":1,"featured_media":0,"parent":0,"menu_order":36,"comment_status":"closed","ping_status":"closed","template":"template-full-width.php","meta":{"_et_pb_use_builder":"","_et_pb_old_content":"","_et_gb_content_width":"","footnotes":""},"class_list":["post-671","page","type-page","status-publish","hentry"],"aioseo_notices":[],"jetpack_sharing_enabled":true,"_links":{"self":[{"href":"https:\/\/chaosfertile.fr\/en\/wp-json\/wp\/v2\/pages\/671","targetHints":{"allow":["GET"]}}],"collection":[{"href":"https:\/\/chaosfertile.fr\/en\/wp-json\/wp\/v2\/pages"}],"about":[{"href":"https:\/\/chaosfertile.fr\/en\/wp-json\/wp\/v2\/types\/page"}],"author":[{"embeddable":true,"href":"https:\/\/chaosfertile.fr\/en\/wp-json\/wp\/v2\/users\/1"}],"replies":[{"embeddable":true,"href":"https:\/\/chaosfertile.fr\/en\/wp-json\/wp\/v2\/comments?post=671"}],"version-history":[{"count":0,"href":"https:\/\/chaosfertile.fr\/en\/wp-json\/wp\/v2\/pages\/671\/revisions"}],"wp:attachment":[{"href":"https:\/\/chaosfertile.fr\/en\/wp-json\/wp\/v2\/media?parent=671"}],"curies":[{"name":"wp","href":"https:\/\/api.w.org\/{rel}","templated":true}]}}