{"id":2305,"date":"2021-02-11T11:43:16","date_gmt":"2021-02-11T10:43:16","guid":{"rendered":"https:\/\/chaosfertile.fr\/?post_type=product&#038;p=2305"},"modified":"2025-09-26T15:46:01","modified_gmt":"2025-09-26T13:46:01","slug":"1box","status":"publish","type":"product","link":"https:\/\/chaosfertile.fr\/en\/product\/1box\/","title":{"rendered":"Chaos Fertile (1x)"},"content":{"rendered":"<h3><span style=\"font-family: gotham-book;\">\u00a01 x Coffret de jeu Chaos Fertile<\/span><\/h3>\n<ul>\n<li><span style=\"font-family: gotham-book;\">Contenu du coffret :<\/span>\n<ul>\n<li><span style=\"font-family: gotham-book;\">1 plateau de jeu effa\u00e7able<\/span><\/li>\n<li><span style=\"font-family: gotham-book;\">72 cartes META<\/span><\/li>\n<li><span style=\"font-family: gotham-book;\">55 cartes CHAOS FERTILE<\/span><\/li>\n<li><span style=\"font-family: gotham-book;\">12 JETONS d&rsquo;Exp\u00e9rience<\/span><\/li>\n<li><span style=\"font-family: gotham-book;\">18 cubes de Vote<\/span><\/li>\n<li><span style=\"font-family: gotham-book;\">1 pion de Viabilit\u00e9<\/span><\/li>\n<li><span style=\"font-family: gotham-book;\">1 sablier (60 sec)<\/span><\/li>\n<li><span style=\"font-family: gotham-book;\">1 feutre effa\u00e7able<\/span><\/li>\n<li><span style=\"font-family: gotham-book;\">1 tissu effaceur<\/span><\/li>\n<li><span style=\"font-family: gotham-book;\">1 r\u00e9sum\u00e9 de partie \/ ardoise effa\u00e7able<br \/>\n<\/span><\/li>\n<li><span style=\"font-family: gotham-book;\">2 sachets de rangement<\/span><\/li>\n<li><span style=\"font-family: gotham-book;\">1 livret de r\u00e8gles (FR)\u00a0 (r\u00e8gles EN en t\u00e9l\u00e9chargement)<br \/>\n<\/span><\/li>\n<\/ul>\n<\/li>\n<li><span style=\"font-family: gotham-book;\">Dimensions (cm): 30x30x7<\/span><\/li>\n<li><span style=\"font-family: gotham-book;\">Poids (kg): 1.4<\/span><\/li>\n<\/ul>","protected":false},"excerpt":{"rendered":"<h3><span style=\"font-family: gotham-book;\"> 1 x Coffret de jeu Chaos Fertile<br \/>\n<\/span><\/h3>","protected":false},"featured_media":36006,"comment_status":"open","ping_status":"closed","template":"","meta":{"_et_pb_use_builder":"off","_et_pb_old_content":"<h3><span style=\"font-family: gotham-book\">\u00a01 x Coffret de jeu Chaos Fertile<\/span><\/h3>\r\n<ul>\r\n \t<li><span style=\"font-family: gotham-book\">Contenu du coffret :<\/span>\r\n<ul>\r\n \t<li><span style=\"font-family: gotham-book\">1 plateau de jeu effa\u00e7able<\/span><\/li>\r\n \t<li><span style=\"font-family: gotham-book\">72 cartes META<\/span><\/li>\r\n \t<li><span style=\"font-family: gotham-book\">55 cartes CHAOS FERTILE<\/span><\/li>\r\n \t<li><span style=\"font-family: gotham-book\">12 JETONS d'Exp\u00e9rience<\/span><\/li>\r\n \t<li><span style=\"font-family: gotham-book\">18 cubes de Vote<\/span><\/li>\r\n \t<li><span style=\"font-family: gotham-book\">1 pion de Viabilit\u00e9<\/span><\/li>\r\n \t<li><span style=\"font-family: gotham-book\">1 sablier (60 sec)<\/span><\/li>\r\n \t<li><span style=\"font-family: gotham-book\">1 feutre effa\u00e7able<\/span><\/li>\r\n \t<li><span style=\"font-family: gotham-book\">1 tissu effaceur<\/span><\/li>\r\n \t<li><span style=\"font-family: gotham-book\">1 r\u00e9sum\u00e9 de partie \/ ardoise effa\u00e7able\r\n<\/span><\/li>\r\n \t<li><span style=\"font-family: gotham-book\">2 sachets de rangement<\/span><\/li>\r\n \t<li><span style=\"font-family: gotham-book\">1 livret de r\u00e8gles (FR)\u00a0 (r\u00e8gles EN en t\u00e9l\u00e9chargement)\r\n<\/span><\/li>\r\n<\/ul>\r\n<\/li>\r\n \t<li><span style=\"font-family: gotham-book\">Dimensions (cm): 30x30x7<\/span><\/li>\r\n \t<li><span style=\"font-family: gotham-book\">Poids (kg): 1.4<\/span><\/li>\r\n<\/ul>","_et_gb_content_width":"","jetpack_publicize_message":"","jetpack_publicize_feature_enabled":true,"jetpack_social_post_already_shared":false,"jetpack_social_options":{"image_generator_settings":{"template":"highway","default_image_id":0,"font":"","enabled":false},"version":2}},"product_brand":[],"product_cat":[39],"product_tag":[],"class_list":{"0":"post-2305","1":"product","2":"type-product","3":"status-publish","4":"has-post-thumbnail","6":"product_cat-jeux","7":"product_shipping_class-1-box","9":"first","10":"instock","11":"taxable","12":"shipping-taxable","13":"purchasable","14":"product-type-simple"},"aioseo_notices":[],"jetpack_publicize_connections":[],"jetpack_sharing_enabled":true,"_links":{"self":[{"href":"https:\/\/chaosfertile.fr\/en\/wp-json\/wp\/v2\/product\/2305","targetHints":{"allow":["GET"]}}],"collection":[{"href":"https:\/\/chaosfertile.fr\/en\/wp-json\/wp\/v2\/product"}],"about":[{"href":"https:\/\/chaosfertile.fr\/en\/wp-json\/wp\/v2\/types\/product"}],"replies":[{"embeddable":true,"href":"https:\/\/chaosfertile.fr\/en\/wp-json\/wp\/v2\/comments?post=2305"}],"wp:featuredmedia":[{"embeddable":true,"href":"https:\/\/chaosfertile.fr\/en\/wp-json\/wp\/v2\/media\/36006"}],"wp:attachment":[{"href":"https:\/\/chaosfertile.fr\/en\/wp-json\/wp\/v2\/media?parent=2305"}],"wp:term":[{"taxonomy":"product_brand","embeddable":true,"href":"https:\/\/chaosfertile.fr\/en\/wp-json\/wp\/v2\/product_brand?post=2305"},{"taxonomy":"product_cat","embeddable":true,"href":"https:\/\/chaosfertile.fr\/en\/wp-json\/wp\/v2\/product_cat?post=2305"},{"taxonomy":"product_tag","embeddable":true,"href":"https:\/\/chaosfertile.fr\/en\/wp-json\/wp\/v2\/product_tag?post=2305"}],"curies":[{"name":"wp","href":"https:\/\/api.w.org\/{rel}","templated":true}]}}