{"id":3856,"date":"2022-01-03T14:22:42","date_gmt":"2022-01-03T13:22:42","guid":{"rendered":"https:\/\/chaosfertile.fr\/?post_type=product&#038;p=3856"},"modified":"2025-09-26T15:48:42","modified_gmt":"2025-09-26T13:48:42","slug":"2box","status":"publish","type":"product","link":"https:\/\/chaosfertile.fr\/en\/product\/2box\/","title":{"rendered":"Duo Pack (2x)"},"content":{"rendered":"<h3><span style=\"font-family: gotham-book;\"> 2 x Coffrets de jeu Chaos Fertile<\/span><\/h3>\n<ul>\n<li><span style=\"font-family: gotham-book;\">Contenu d&rsquo;un coffret :<\/span>\n<ul>\n<li><span style=\"font-family: gotham-book;\">1 plateau de jeu effa\u00e7able<\/span><\/li>\n<li><span style=\"font-family: gotham-book;\">72 cartes META<\/span><\/li>\n<li><span style=\"font-family: gotham-book;\">55 cartes CHAOS FERTILE<\/span><\/li>\n<li><span style=\"font-family: gotham-book;\">12 JETONS d&rsquo;Exp\u00e9rience<\/span><\/li>\n<li><span style=\"font-family: gotham-book;\">18 cubes de Vote<\/span><\/li>\n<li><span style=\"font-family: gotham-book;\">1 pion de Viabilit\u00e9<\/span><\/li>\n<li><span style=\"font-family: gotham-book;\">1 sablier (60 sec)<\/span><\/li>\n<li><span style=\"font-family: gotham-book;\">1 feutre effa\u00e7able<\/span><\/li>\n<li><span style=\"font-family: gotham-book;\">1 tissu effaceur<\/span><\/li>\n<li><span style=\"font-family: gotham-book;\">1 r\u00e9sum\u00e9 de partie \/ ardoise effa\u00e7able<\/span><\/li>\n<li><span style=\"font-family: gotham-book;\">2 sachets de rangement<\/span><\/li>\n<li><span style=\"font-family: gotham-book;\">1 livret de r\u00e8gles (FR)\u00a0 (r\u00e8gles EN en t\u00e9l\u00e9chargement)<\/span><\/li>\n<\/ul>\n<\/li>\n<li><span style=\"font-family: gotham-book;\">Dimensions (cm): 30x30x7<\/span><\/li>\n<li><span style=\"font-family: gotham-book;\">Poids (kg): 1.4<\/span><\/li>\n<\/ul>","protected":false},"excerpt":{"rendered":"<h4><span style=\"font-family: gotham-book;\">\u00a02 x Coffrets de jeu Chaos Fertile<br \/>\n<\/span><\/h4>","protected":false},"featured_media":6209,"comment_status":"open","ping_status":"closed","template":"","meta":{"_et_pb_use_builder":"","_et_pb_old_content":"","_et_gb_content_width":"","jetpack_publicize_message":"","jetpack_publicize_feature_enabled":true,"jetpack_social_post_already_shared":false,"jetpack_social_options":{"image_generator_settings":{"template":"highway","default_image_id":0,"font":"","enabled":false},"version":2}},"product_brand":[],"product_cat":[39],"product_tag":[],"class_list":{"0":"post-3856","1":"product","2":"type-product","3":"status-publish","4":"has-post-thumbnail","6":"product_cat-jeux","7":"product_shipping_class-2-box","9":"first","10":"instock","11":"taxable","12":"shipping-taxable","13":"purchasable","14":"product-type-simple"},"aioseo_notices":[],"jetpack_publicize_connections":[],"jetpack_sharing_enabled":true,"_links":{"self":[{"href":"https:\/\/chaosfertile.fr\/en\/wp-json\/wp\/v2\/product\/3856","targetHints":{"allow":["GET"]}}],"collection":[{"href":"https:\/\/chaosfertile.fr\/en\/wp-json\/wp\/v2\/product"}],"about":[{"href":"https:\/\/chaosfertile.fr\/en\/wp-json\/wp\/v2\/types\/product"}],"replies":[{"embeddable":true,"href":"https:\/\/chaosfertile.fr\/en\/wp-json\/wp\/v2\/comments?post=3856"}],"wp:featuredmedia":[{"embeddable":true,"href":"https:\/\/chaosfertile.fr\/en\/wp-json\/wp\/v2\/media\/6209"}],"wp:attachment":[{"href":"https:\/\/chaosfertile.fr\/en\/wp-json\/wp\/v2\/media?parent=3856"}],"wp:term":[{"taxonomy":"product_brand","embeddable":true,"href":"https:\/\/chaosfertile.fr\/en\/wp-json\/wp\/v2\/product_brand?post=3856"},{"taxonomy":"product_cat","embeddable":true,"href":"https:\/\/chaosfertile.fr\/en\/wp-json\/wp\/v2\/product_cat?post=3856"},{"taxonomy":"product_tag","embeddable":true,"href":"https:\/\/chaosfertile.fr\/en\/wp-json\/wp\/v2\/product_tag?post=3856"}],"curies":[{"name":"wp","href":"https:\/\/api.w.org\/{rel}","templated":true}]}}